{"id":5472,"date":"2020-12-11T22:52:49","date_gmt":"2020-12-11T21:52:49","guid":{"rendered":"https:\/\/ekesto-2025.local\/privacy-policy\/"},"modified":"2025-11-09T14:54:44","modified_gmt":"2025-11-09T13:54:44","slug":"datenschutzerklaerung","status":"publish","type":"page","link":"https:\/\/ekesto.com\/de\/datenschutzerklaerung\/","title":{"rendered":"Datenschutzerkl\u00e4rung"},"content":{"rendered":"\n<div data-anim-children=\"animation-observer anim-m-40 anim-d-100 anim-slide-up\" class=\"wp-block-group alignfull site-title-container has-passive-background-color has-background has-global-padding is-layout-constrained wp-block-group-is-layout-constrained header-background\" style=\"margin-top:0\">\n<h1 class=\"wp-block-heading has-text-align-center\">Datenschutzerkl\u00e4rung<\/h1>\n\n\n\n<p class=\"has-text-align-center has-large-font-size\">Gute Nachrichten: <em>Keine<\/em> Google-Dienste auf dieser Website!<\/p>\n<\/div>\n\n\n\n<h2 class=\"wp-block-heading\">Wer wir sind<\/h2>\n\n\n\n<p>ekesto<br>Beat Schenkel<br>Kirchrain 14<br>3232 Ins<\/p>\n\n\n\n<p><a href=\"https:\/\/ekesto.com\/de\/kontakt\/\">Kontakt<\/a><\/p>\n\n\n\n<h2 class=\"wp-block-heading\">Welche personenbezogenen Daten wir erheben und warum wir sie erheben<\/h2>\n\n\n\n<h3 class=\"wp-block-heading\" id=\"wordpress-com-stats\">Statistiken<\/h3>\n\n\n\n<p>Anstelle von Google Analytics verwenden wir <a href=\"https:\/\/wp-statistics.com\" target=\"_blank\" rel=\"noreferrer noopener nofollow\">WP Statistics<\/a>, ein WordPress-Plugin, das auf unserem Server installiert ist und keinerlei Daten versendet. Es gibt uns lediglich einen \u00dcberblick \u00fcber die Besucher der Website.<\/p>\n\n\n\n<p>Die wichtigsten Punkte in Bezug auf den Datenschutz:<\/p>\n\n\n\n<ul class=\"wp-block-list\">\n<li>Keine Cookies gesammelt<\/li>\n\n\n\n<li>Keine IP-Adresse erfasst<\/li>\n\n\n\n<li>Nichts wird an Dritte weitergegeben.<\/li>\n<\/ul>\n\n\n\n<h3 class=\"wp-block-heading\">Cookies<\/h3>\n\n\n\n<p>Wenn Sie einen Kommentar auf unserer Seite hinterlassen, k\u00f6nnen Sie sich daf\u00fcr entscheiden, Ihren Namen, Ihre E-Mail-Adresse und Ihre Website in Cookies zu speichern. Dies dient Ihrer Bequemlichkeit, damit Sie Ihre Daten nicht erneut eingeben m\u00fcssen, wenn Sie einen weiteren Kommentar hinterlassen. Diese Cookies werden ein Jahr lang gespeichert.<\/p>\n\n\n\n<h3 class=\"wp-block-heading\">Eingebettete Inhalte von anderen Websites<\/h3>\n\n\n\n<p>Artikel auf dieser Seite k\u00f6nnen eingebettete Inhalte enthalten (z. B. Videos, Bilder, Artikel etc.). Eingebettete Inhalte von anderen Websites verhalten sich genau so, als ob der Besucher die jeweilige Website direkt aufgesucht h\u00e4tte.<\/p>\n\n\n\n<p>Diese Websites k\u00f6nnen Daten \u00fcber Sie sammeln, Cookies verwenden, zus\u00e4tzliche Tracking-Methoden Dritter einbetten und Ihre Interaktion mit diesen eingebetteten Inhalten \u00fcberwachen \u2013 auch dann, wenn Sie ein Konto besitzen und auf der jeweiligen Website eingeloggt sind.<\/p>\n\n\n\n<h3 class=\"wp-block-heading\">Schriftarten<\/h3>\n\n\n\n<p>Die Schriftarten werden auf unserem Server gespeichert.<\/p>\n\n\n\n<h3 class=\"wp-block-heading\" id=\"contact-form\">Kontaktformulare<\/h3>\n\n\n\n<p>Beim Ausf\u00fcllen eines Formulars m\u00fcssen Sie zustimmen, dass die Daten in der Datenbank gespeichert werden. Erfasst werden dabei die Browserdetails und die IP-Adresse. Diese Informationen werden niemals an Dritte weitergegeben.<\/p>\n\n\n\n<h3 class=\"wp-block-heading\">Spam-Schutz<\/h3>\n\n\n\n<p>Wir nutzen den datenschutzfreundlichen <a href=\"https:\/\/blog.cloudflare.com\/turnstile-private-captcha-alternative\/\" target=\"_blank\" rel=\"noreferrer noopener nofollow\">Turnstile<\/a>-Dienst, um unsere Formulare vor Spam-Robotern zu sch\u00fctzen.<\/p>\n\n\n\n<p>Das sagen sie dazu:<\/p>\n\n\n\n<p>Durch die Zusammenarbeit mit Dritten, wie Ger\u00e4teherstellern, die bereits \u00fcber die Daten verf\u00fcgen, die uns bei der Validierung eines Ger\u00e4ts helfen w\u00fcrden, k\u00f6nnen wir Teile des Validierungsprozesses abstrahieren und Daten best\u00e4tigen, ohne diese tats\u00e4chlich zu sammeln, zu ber\u00fchren oder zu speichern. Statt ein Ger\u00e4t direkt abzufragen, bitten wir den Ger\u00e4tehersteller, dies f\u00fcr uns zu \u00fcbernehmen.<\/p>\n\n\n\n<p>Private Access Tokens sind direkt in Turnstile integriert. W\u00e4hrend Turnstile einige Sitzungsdaten (wie Header, User Agent und Browsermerkmale) zur Validierung heranziehen muss, ohne den Nutzer vor Herausforderungen zu stellen, erm\u00f6glichen Private Access Tokens uns, die Datenerfassung zu minimieren, indem wir Apple bitten, das Ger\u00e4t f\u00fcr uns zu validieren. Zudem sucht Turnstile niemals nach Cookies (wie einem Login-Cookie) oder verwendet Cookies, um Informationen jeglicher Art zu sammeln oder zu speichern.<\/p>\n\n\n\n<p>Quelle: <a href=\"https:\/\/blog.cloudflare.com\/turnstile-private-captcha-alternative\/\" target=\"_blank\" rel=\"noreferrer noopener nofollow\">https:\/\/blog.cloudflare.com\/turnstile-private-captcha-alternative\/<\/a><\/p>\n\n\n\n<h2 class=\"wp-block-heading\">Wie lange wir Ihre Daten aufbewahren<\/h2>\n\n\n\n<p>Wenn Sie einen Kommentar hinterlassen, werden der Kommentar und seine Metadaten unbegrenzt gespeichert. Dies dient dazu, dass wir Folgekommentare automatisch erkennen und freigeben k\u00f6nnen, anstatt sie in einer Moderationswarteschlange zu halten.<\/p>\n\n\n\n<h2 class=\"wp-block-heading\">Welche Rechte Sie in Bezug auf Ihre Daten haben<\/h2>\n\n\n\n<p>Wenn Sie ein Konto auf dieser Seite besitzen oder Kommentare hinterlassen haben, k\u00f6nnen Sie anfordern, eine exportierte Datei der von uns \u00fcber Sie gespeicherten pers\u00f6nlichen Daten zu erhalten, einschlie\u00dflich aller Daten, die Sie uns zur Verf\u00fcgung gestellt haben. Sie k\u00f6nnen auch verlangen, dass wir alle \u00fcber Sie gespeicherten pers\u00f6nlichen Daten l\u00f6schen. Dies umfasst nicht Daten, die wir aus administrativen, rechtlichen oder sicherheitsrelevanten Gr\u00fcnden aufbewahren m\u00fcssen.<\/p>\n","protected":false},"excerpt":{"rendered":"<p>Datenschutzerkl\u00e4rung Gute Nachrichten: Keine Google-Dienste auf dieser Website! Wer wir sind ekestoBeat SchenkelKirchrain 143232 Ins Kontakt Welche personenbezogenen Daten wir erheben und warum wir sie erheben Statistiken Anstelle von Google Analytics verwenden wir WP Statistics, ein WordPress-Plugin, das auf unserem Server installiert ist und keinerlei Daten versendet. Es gibt uns lediglich einen \u00dcberblick \u00fcber die [&hellip;]<\/p>\n","protected":false},"author":1,"featured_media":0,"parent":0,"menu_order":0,"comment_status":"closed","ping_status":"closed","template":"","meta":{"_acf_changed":false,"footnotes":""},"class_list":["post-5472","page","type-page","status-publish","hentry"],"acf":[],"yoast_head":"<!-- This site is optimized with the Yoast SEO plugin v27.4 - https:\/\/yoast.com\/product\/yoast-seo-wordpress\/ -->\n<title>Datenschutzerkl\u00e4rung &#8226; ekesto<\/title>\n<meta name=\"robots\" content=\"index, follow, max-snippet:-1, max-image-preview:large, max-video-preview:-1\" \/>\n<link rel=\"canonical\" href=\"https:\/\/ekesto.com\/de\/datenschutzerklaerung\/\" \/>\n<meta property=\"og:locale\" content=\"de_DE\" \/>\n<meta property=\"og:type\" content=\"article\" \/>\n<meta property=\"og:title\" content=\"Datenschutzerkl\u00e4rung &#8226; ekesto\" \/>\n<meta property=\"og:description\" content=\"Datenschutzerkl\u00e4rung Gute Nachrichten: Keine Google-Dienste auf dieser Website! Wer wir sind ekestoBeat SchenkelKirchrain 143232 Ins Kontakt Welche personenbezogenen Daten wir erheben und warum wir sie erheben Statistiken Anstelle von Google Analytics verwenden wir WP Statistics, ein WordPress-Plugin, das auf unserem Server installiert ist und keinerlei Daten versendet. Es gibt uns lediglich einen \u00dcberblick \u00fcber die [&hellip;]\" \/>\n<meta property=\"og:url\" content=\"https:\/\/ekesto.com\/de\/datenschutzerklaerung\/\" \/>\n<meta property=\"og:site_name\" content=\"ekesto\" \/>\n<meta property=\"article:modified_time\" content=\"2025-11-09T13:54:44+00:00\" \/>\n<meta property=\"og:image\" content=\"https:\/\/ekesto.com\/wp-content\/uploads\/2022\/09\/glenn-carstens-peters-npxXWgQ33ZQ-unsplash.jpg\" \/>\n\t<meta property=\"og:image:width\" content=\"1200\" \/>\n\t<meta property=\"og:image:height\" content=\"798\" \/>\n\t<meta property=\"og:image:type\" content=\"image\/jpeg\" \/>\n<meta name=\"twitter:card\" content=\"summary_large_image\" \/>\n<meta name=\"twitter:label1\" content=\"Gesch\u00e4tzte Lesezeit\" \/>\n\t<meta name=\"twitter:data1\" content=\"3\u00a0Minuten\" \/>\n<script type=\"application\/ld+json\" class=\"yoast-schema-graph\">{\"@context\":\"https:\\\/\\\/schema.org\",\"@graph\":[{\"@type\":\"WebPage\",\"@id\":\"https:\\\/\\\/ekesto.com\\\/de\\\/datenschutzerklaerung\\\/\",\"url\":\"https:\\\/\\\/ekesto.com\\\/de\\\/datenschutzerklaerung\\\/\",\"name\":\"Datenschutzerkl\u00e4rung &#8226; ekesto\",\"isPartOf\":{\"@id\":\"https:\\\/\\\/ekesto.com\\\/de\\\/#website\"},\"datePublished\":\"2020-12-11T21:52:49+00:00\",\"dateModified\":\"2025-11-09T13:54:44+00:00\",\"breadcrumb\":{\"@id\":\"https:\\\/\\\/ekesto.com\\\/de\\\/datenschutzerklaerung\\\/#breadcrumb\"},\"inLanguage\":\"de\",\"potentialAction\":[{\"@type\":\"ReadAction\",\"target\":[\"https:\\\/\\\/ekesto.com\\\/de\\\/datenschutzerklaerung\\\/\"]}]},{\"@type\":\"BreadcrumbList\",\"@id\":\"https:\\\/\\\/ekesto.com\\\/de\\\/datenschutzerklaerung\\\/#breadcrumb\",\"itemListElement\":[{\"@type\":\"ListItem\",\"position\":1,\"name\":\"Home\",\"item\":\"https:\\\/\\\/ekesto.com\\\/de\\\/\"},{\"@type\":\"ListItem\",\"position\":2,\"name\":\"Datenschutzerkl\u00e4rung\"}]},{\"@type\":\"WebSite\",\"@id\":\"https:\\\/\\\/ekesto.com\\\/de\\\/#website\",\"url\":\"https:\\\/\\\/ekesto.com\\\/de\\\/\",\"name\":\"ekesto\",\"description\":\"Website Support and Development\",\"publisher\":{\"@id\":\"https:\\\/\\\/ekesto.com\\\/de\\\/#organization\"},\"potentialAction\":[{\"@type\":\"SearchAction\",\"target\":{\"@type\":\"EntryPoint\",\"urlTemplate\":\"https:\\\/\\\/ekesto.com\\\/de\\\/?s={search_term_string}\"},\"query-input\":{\"@type\":\"PropertyValueSpecification\",\"valueRequired\":true,\"valueName\":\"search_term_string\"}}],\"inLanguage\":\"de\"},{\"@type\":\"Organization\",\"@id\":\"https:\\\/\\\/ekesto.com\\\/de\\\/#organization\",\"name\":\"ekesto\",\"url\":\"https:\\\/\\\/ekesto.com\\\/de\\\/\",\"logo\":{\"@type\":\"ImageObject\",\"inLanguage\":\"de\",\"@id\":\"https:\\\/\\\/ekesto.com\\\/de\\\/#\\\/schema\\\/logo\\\/image\\\/\",\"url\":\"https:\\\/\\\/ekesto.com\\\/wp-content\\\/uploads\\\/2023\\\/12\\\/ekesto-logo-black-v1.1-web.svg\",\"contentUrl\":\"https:\\\/\\\/ekesto.com\\\/wp-content\\\/uploads\\\/2023\\\/12\\\/ekesto-logo-black-v1.1-web.svg\",\"caption\":\"ekesto\"},\"image\":{\"@id\":\"https:\\\/\\\/ekesto.com\\\/de\\\/#\\\/schema\\\/logo\\\/image\\\/\"}}]}<\/script>\n<!-- \/ Yoast SEO plugin. -->","yoast_head_json":{"title":"Datenschutzerkl\u00e4rung &#8226; ekesto","robots":{"index":"index","follow":"follow","max-snippet":"max-snippet:-1","max-image-preview":"max-image-preview:large","max-video-preview":"max-video-preview:-1"},"canonical":"https:\/\/ekesto.com\/de\/datenschutzerklaerung\/","og_locale":"de_DE","og_type":"article","og_title":"Datenschutzerkl\u00e4rung &#8226; ekesto","og_description":"Datenschutzerkl\u00e4rung Gute Nachrichten: Keine Google-Dienste auf dieser Website! Wer wir sind ekestoBeat SchenkelKirchrain 143232 Ins Kontakt Welche personenbezogenen Daten wir erheben und warum wir sie erheben Statistiken Anstelle von Google Analytics verwenden wir WP Statistics, ein WordPress-Plugin, das auf unserem Server installiert ist und keinerlei Daten versendet. Es gibt uns lediglich einen \u00dcberblick \u00fcber die [&hellip;]","og_url":"https:\/\/ekesto.com\/de\/datenschutzerklaerung\/","og_site_name":"ekesto","article_modified_time":"2025-11-09T13:54:44+00:00","og_image":[{"width":1200,"height":798,"url":"https:\/\/ekesto.com\/wp-content\/uploads\/2022\/09\/glenn-carstens-peters-npxXWgQ33ZQ-unsplash.jpg","type":"image\/jpeg"}],"twitter_card":"summary_large_image","twitter_misc":{"Gesch\u00e4tzte Lesezeit":"3\u00a0Minuten"},"schema":{"@context":"https:\/\/schema.org","@graph":[{"@type":"WebPage","@id":"https:\/\/ekesto.com\/de\/datenschutzerklaerung\/","url":"https:\/\/ekesto.com\/de\/datenschutzerklaerung\/","name":"Datenschutzerkl\u00e4rung &#8226; ekesto","isPartOf":{"@id":"https:\/\/ekesto.com\/de\/#website"},"datePublished":"2020-12-11T21:52:49+00:00","dateModified":"2025-11-09T13:54:44+00:00","breadcrumb":{"@id":"https:\/\/ekesto.com\/de\/datenschutzerklaerung\/#breadcrumb"},"inLanguage":"de","potentialAction":[{"@type":"ReadAction","target":["https:\/\/ekesto.com\/de\/datenschutzerklaerung\/"]}]},{"@type":"BreadcrumbList","@id":"https:\/\/ekesto.com\/de\/datenschutzerklaerung\/#breadcrumb","itemListElement":[{"@type":"ListItem","position":1,"name":"Home","item":"https:\/\/ekesto.com\/de\/"},{"@type":"ListItem","position":2,"name":"Datenschutzerkl\u00e4rung"}]},{"@type":"WebSite","@id":"https:\/\/ekesto.com\/de\/#website","url":"https:\/\/ekesto.com\/de\/","name":"ekesto","description":"Website Support and Development","publisher":{"@id":"https:\/\/ekesto.com\/de\/#organization"},"potentialAction":[{"@type":"SearchAction","target":{"@type":"EntryPoint","urlTemplate":"https:\/\/ekesto.com\/de\/?s={search_term_string}"},"query-input":{"@type":"PropertyValueSpecification","valueRequired":true,"valueName":"search_term_string"}}],"inLanguage":"de"},{"@type":"Organization","@id":"https:\/\/ekesto.com\/de\/#organization","name":"ekesto","url":"https:\/\/ekesto.com\/de\/","logo":{"@type":"ImageObject","inLanguage":"de","@id":"https:\/\/ekesto.com\/de\/#\/schema\/logo\/image\/","url":"https:\/\/ekesto.com\/wp-content\/uploads\/2023\/12\/ekesto-logo-black-v1.1-web.svg","contentUrl":"https:\/\/ekesto.com\/wp-content\/uploads\/2023\/12\/ekesto-logo-black-v1.1-web.svg","caption":"ekesto"},"image":{"@id":"https:\/\/ekesto.com\/de\/#\/schema\/logo\/image\/"}}]}},"_links":{"self":[{"href":"https:\/\/ekesto.com\/de\/wp-json\/wp\/v2\/pages\/5472","targetHints":{"allow":["GET"]}}],"collection":[{"href":"https:\/\/ekesto.com\/de\/wp-json\/wp\/v2\/pages"}],"about":[{"href":"https:\/\/ekesto.com\/de\/wp-json\/wp\/v2\/types\/page"}],"author":[{"embeddable":true,"href":"https:\/\/ekesto.com\/de\/wp-json\/wp\/v2\/users\/1"}],"replies":[{"embeddable":true,"href":"https:\/\/ekesto.com\/de\/wp-json\/wp\/v2\/comments?post=5472"}],"version-history":[{"count":0,"href":"https:\/\/ekesto.com\/de\/wp-json\/wp\/v2\/pages\/5472\/revisions"}],"wp:attachment":[{"href":"https:\/\/ekesto.com\/de\/wp-json\/wp\/v2\/media?parent=5472"}],"curies":[{"name":"wp","href":"https:\/\/api.w.org\/{rel}","templated":true}]}}