{"id":5436,"date":"2025-01-17T16:22:03","date_gmt":"2025-01-17T15:22:03","guid":{"rendered":"https:\/\/ekesto-2025.local\/fern-it-unterstuetzung\/"},"modified":"2025-03-03T14:16:49","modified_gmt":"2025-03-03T13:16:49","slug":"fern-it-unterstuetzung","status":"publish","type":"page","link":"https:\/\/ekesto.com\/de\/it-support\/fern-it-unterstuetzung\/","title":{"rendered":"(Fern-) IT-Unterst\u00fctzung"},"content":{"rendered":"\n<div data-anim-children=\"animation-observer anim-m-40 anim-d-100 anim-slide-up\" class=\"wp-block-group alignfull site-title-container has-passive-background-color has-background has-global-padding is-layout-constrained wp-block-group-is-layout-constrained header-background\" style=\"margin-top:0\">\n<h1 class=\"wp-block-heading has-text-align-center\">(Fern-) IT-Unterst\u00fctzung<\/h1>\n\n\n\n<p class=\"has-text-align-center has-large-font-size\">Sparen Sie Ihre Energie f\u00fcr wichtigere Dinge<\/p>\n<\/div>\n\n<div class=\"wp-block-group has-global-padding is-layout-constrained wp-block-group-is-layout-constrained\">\n<p>Computer und ihre Software k\u00f6nnen erstaunlich hilfreich sein, aber manchmal auch ziemlich nervig und frustrierend.  <\/p>\n\n\n\n<p>Vor allem, wenn diese digitale und abstrakte Welt nicht wirklich die Ihre ist.<\/p>\n\n\n\n<h3 class=\"wp-block-heading\">Nun ja: Ich bin hier, um Ihnen zu helfen!<\/h3>\n\n\n\n<p>Da ich mit Bildschirmen vor der Nase aufgewachsen bin, habe ich ein breites Verst\u00e4ndnis daf\u00fcr entwickelt, wie Computer funktionieren und wie sie mit Software interagieren.<\/p>\n\n\n\n<p>Wenn Sie also ein Problem haben, z\u00f6gern Sie nicht, um Hilfe zu bitten.<\/p>\n\n\n\n<p>Was Sie stundenlang besch\u00e4ftigen k\u00f6nnte, l\u00e4sst sich m\u00f6glicherweise in 5 Minuten l\u00f6sen.<\/p>\n\n\n\n<h3 class=\"wp-block-heading\">Fernunterst\u00fctzung<\/h3>\n\n\n\n<p>Wenn Sie nicht in der N\u00e4he sind (Raum Bern), werden wir ein kleines Programm verwenden, mit dem Sie mir erlauben k\u00f6nnen, Ihren Bildschirm zu sehen und die Kontrolle \u00fcber Ihre Maus und Tastatur zu \u00fcbernehmen. Im Grunde so, als ob ich auf Ihrem Stuhl sitzen w\u00fcrde.<\/p>\n<\/div>\n\n<p class=\"conditions-info\">Details \u00fcber meine <a href=\"https:\/\/ekesto.com\/de\/konditionen\/\" data-type=\"page\" data-id=\"4155\">Konditionen<\/a>.<\/p>\n\n<div class=\"wp-block-group custom-cta-group is-style-custom-cta has-passive-background-color has-background has-global-padding is-content-justification-center is-layout-constrained wp-container-core-group-is-layout-03ce6e97 wp-block-group-is-layout-constrained\" style=\"border-bottom-color:var(--wp--preset--color--passive-dark);border-bottom-width:2px;padding-top:var(--wp--preset--spacing--large);padding-right:var(--wp--preset--spacing--large);padding-bottom:var(--wp--preset--spacing--large);padding-left:var(--wp--preset--spacing--large)\">\n<h3 class=\"wp-block-heading has-text-align-center\">Lassen Sie die Frustration nicht \u00fcberhand nehmen.<\/h3>\n\n\n\n<p class=\"has-text-align-center\">Senden Sie mir eine Nachricht und lassen Sie uns einen Termin vereinbaren.<\/p>\n\n\n\n<div class=\"wp-block-buttons is-content-justification-center is-layout-flex wp-container-core-buttons-is-layout-a89b3969 wp-block-buttons-is-layout-flex\">\n<div class=\"wp-block-button\"><a class=\"wp-block-button__link wp-element-button\" href=\"https:\/\/ekesto.com\/de\/kontakt\/\">Kontaktieren Sie mich<\/a><\/div>\n<\/div>\n<\/div>\n","protected":false},"excerpt":{"rendered":"<p>(Fern-) IT-Unterst\u00fctzung Sparen Sie Ihre Energie f\u00fcr wichtigere Dinge Computer und ihre Software k\u00f6nnen erstaunlich hilfreich sein, aber manchmal auch ziemlich nervig und frustrierend. Vor allem, wenn diese digitale und abstrakte Welt nicht wirklich die Ihre ist. Nun ja: Ich bin hier, um Ihnen zu helfen! Da ich mit Bildschirmen vor der Nase aufgewachsen bin, [&hellip;]<\/p>\n","protected":false},"author":1,"featured_media":0,"parent":5481,"menu_order":0,"comment_status":"closed","ping_status":"closed","template":"","meta":{"_acf_changed":false,"footnotes":""},"class_list":["post-5436","page","type-page","status-publish","hentry"],"acf":[],"yoast_head":"<!-- This site is optimized with the Yoast SEO plugin v27.4 - https:\/\/yoast.com\/product\/yoast-seo-wordpress\/ -->\n<title>(Fern-) IT-Unterst\u00fctzung &#8226; ekesto<\/title>\n<meta name=\"description\" content=\"IT-Fernsupport zur schnellen und problemlosen L\u00f6sung Ihrer technischen Probleme. Sparen Sie Zeit und Energie - holen Sie sich die Hilfe von IT-Experten auf Knopfdruck.\" \/>\n<meta name=\"robots\" content=\"index, follow, max-snippet:-1, max-image-preview:large, max-video-preview:-1\" \/>\n<link rel=\"canonical\" href=\"https:\/\/ekesto.com\/de\/it-support\/fern-it-unterstuetzung\/\" \/>\n<meta property=\"og:locale\" content=\"de_DE\" \/>\n<meta property=\"og:type\" content=\"article\" \/>\n<meta property=\"og:title\" content=\"(Fern-) IT-Unterst\u00fctzung &#8226; ekesto\" \/>\n<meta property=\"og:description\" content=\"IT-Fernsupport zur schnellen und problemlosen L\u00f6sung Ihrer technischen Probleme. Sparen Sie Zeit und Energie - holen Sie sich die Hilfe von IT-Experten auf Knopfdruck.\" \/>\n<meta property=\"og:url\" content=\"https:\/\/ekesto.com\/de\/it-support\/fern-it-unterstuetzung\/\" \/>\n<meta property=\"og:site_name\" content=\"ekesto\" \/>\n<meta property=\"article:modified_time\" content=\"2025-03-03T13:16:49+00:00\" \/>\n<meta property=\"og:image\" content=\"https:\/\/ekesto.com\/wp-content\/uploads\/2022\/09\/glenn-carstens-peters-npxXWgQ33ZQ-unsplash.jpg\" \/>\n\t<meta property=\"og:image:width\" content=\"1200\" \/>\n\t<meta property=\"og:image:height\" content=\"798\" \/>\n\t<meta property=\"og:image:type\" content=\"image\/jpeg\" \/>\n<meta name=\"twitter:card\" content=\"summary_large_image\" \/>\n<meta name=\"twitter:label1\" content=\"Gesch\u00e4tzte Lesezeit\" \/>\n\t<meta name=\"twitter:data1\" content=\"1\u00a0Minute\" \/>\n<script type=\"application\/ld+json\" class=\"yoast-schema-graph\">{\"@context\":\"https:\\\/\\\/schema.org\",\"@graph\":[{\"@type\":\"WebPage\",\"@id\":\"https:\\\/\\\/ekesto.com\\\/de\\\/it-support\\\/fern-it-unterstuetzung\\\/\",\"url\":\"https:\\\/\\\/ekesto.com\\\/de\\\/it-support\\\/fern-it-unterstuetzung\\\/\",\"name\":\"(Fern-) IT-Unterst\u00fctzung &#8226; ekesto\",\"isPartOf\":{\"@id\":\"https:\\\/\\\/ekesto.com\\\/de\\\/#website\"},\"datePublished\":\"2025-01-17T15:22:03+00:00\",\"dateModified\":\"2025-03-03T13:16:49+00:00\",\"description\":\"IT-Fernsupport zur schnellen und problemlosen L\u00f6sung Ihrer technischen Probleme. Sparen Sie Zeit und Energie - holen Sie sich die Hilfe von IT-Experten auf Knopfdruck.\",\"breadcrumb\":{\"@id\":\"https:\\\/\\\/ekesto.com\\\/de\\\/it-support\\\/fern-it-unterstuetzung\\\/#breadcrumb\"},\"inLanguage\":\"de\",\"potentialAction\":[{\"@type\":\"ReadAction\",\"target\":[\"https:\\\/\\\/ekesto.com\\\/de\\\/it-support\\\/fern-it-unterstuetzung\\\/\"]}]},{\"@type\":\"BreadcrumbList\",\"@id\":\"https:\\\/\\\/ekesto.com\\\/de\\\/it-support\\\/fern-it-unterstuetzung\\\/#breadcrumb\",\"itemListElement\":[{\"@type\":\"ListItem\",\"position\":1,\"name\":\"Home\",\"item\":\"https:\\\/\\\/ekesto.com\\\/de\\\/\"},{\"@type\":\"ListItem\",\"position\":2,\"name\":\"IT Support\",\"item\":\"https:\\\/\\\/ekesto.com\\\/de\\\/it-support\\\/\"},{\"@type\":\"ListItem\",\"position\":3,\"name\":\"(Fern-) IT-Unterst\u00fctzung\"}]},{\"@type\":\"WebSite\",\"@id\":\"https:\\\/\\\/ekesto.com\\\/de\\\/#website\",\"url\":\"https:\\\/\\\/ekesto.com\\\/de\\\/\",\"name\":\"ekesto\",\"description\":\"Website Support and Development\",\"publisher\":{\"@id\":\"https:\\\/\\\/ekesto.com\\\/de\\\/#organization\"},\"potentialAction\":[{\"@type\":\"SearchAction\",\"target\":{\"@type\":\"EntryPoint\",\"urlTemplate\":\"https:\\\/\\\/ekesto.com\\\/de\\\/?s={search_term_string}\"},\"query-input\":{\"@type\":\"PropertyValueSpecification\",\"valueRequired\":true,\"valueName\":\"search_term_string\"}}],\"inLanguage\":\"de\"},{\"@type\":\"Organization\",\"@id\":\"https:\\\/\\\/ekesto.com\\\/de\\\/#organization\",\"name\":\"ekesto\",\"url\":\"https:\\\/\\\/ekesto.com\\\/de\\\/\",\"logo\":{\"@type\":\"ImageObject\",\"inLanguage\":\"de\",\"@id\":\"https:\\\/\\\/ekesto.com\\\/de\\\/#\\\/schema\\\/logo\\\/image\\\/\",\"url\":\"https:\\\/\\\/ekesto.com\\\/wp-content\\\/uploads\\\/2023\\\/12\\\/ekesto-logo-black-v1.1-web.svg\",\"contentUrl\":\"https:\\\/\\\/ekesto.com\\\/wp-content\\\/uploads\\\/2023\\\/12\\\/ekesto-logo-black-v1.1-web.svg\",\"caption\":\"ekesto\"},\"image\":{\"@id\":\"https:\\\/\\\/ekesto.com\\\/de\\\/#\\\/schema\\\/logo\\\/image\\\/\"}}]}<\/script>\n<!-- \/ Yoast SEO plugin. -->","yoast_head_json":{"title":"(Fern-) IT-Unterst\u00fctzung &#8226; ekesto","description":"IT-Fernsupport zur schnellen und problemlosen L\u00f6sung Ihrer technischen Probleme. Sparen Sie Zeit und Energie - holen Sie sich die Hilfe von IT-Experten auf Knopfdruck.","robots":{"index":"index","follow":"follow","max-snippet":"max-snippet:-1","max-image-preview":"max-image-preview:large","max-video-preview":"max-video-preview:-1"},"canonical":"https:\/\/ekesto.com\/de\/it-support\/fern-it-unterstuetzung\/","og_locale":"de_DE","og_type":"article","og_title":"(Fern-) IT-Unterst\u00fctzung &#8226; ekesto","og_description":"IT-Fernsupport zur schnellen und problemlosen L\u00f6sung Ihrer technischen Probleme. Sparen Sie Zeit und Energie - holen Sie sich die Hilfe von IT-Experten auf Knopfdruck.","og_url":"https:\/\/ekesto.com\/de\/it-support\/fern-it-unterstuetzung\/","og_site_name":"ekesto","article_modified_time":"2025-03-03T13:16:49+00:00","og_image":[{"width":1200,"height":798,"url":"https:\/\/ekesto.com\/wp-content\/uploads\/2022\/09\/glenn-carstens-peters-npxXWgQ33ZQ-unsplash.jpg","type":"image\/jpeg"}],"twitter_card":"summary_large_image","twitter_misc":{"Gesch\u00e4tzte Lesezeit":"1\u00a0Minute"},"schema":{"@context":"https:\/\/schema.org","@graph":[{"@type":"WebPage","@id":"https:\/\/ekesto.com\/de\/it-support\/fern-it-unterstuetzung\/","url":"https:\/\/ekesto.com\/de\/it-support\/fern-it-unterstuetzung\/","name":"(Fern-) IT-Unterst\u00fctzung &#8226; ekesto","isPartOf":{"@id":"https:\/\/ekesto.com\/de\/#website"},"datePublished":"2025-01-17T15:22:03+00:00","dateModified":"2025-03-03T13:16:49+00:00","description":"IT-Fernsupport zur schnellen und problemlosen L\u00f6sung Ihrer technischen Probleme. Sparen Sie Zeit und Energie - holen Sie sich die Hilfe von IT-Experten auf Knopfdruck.","breadcrumb":{"@id":"https:\/\/ekesto.com\/de\/it-support\/fern-it-unterstuetzung\/#breadcrumb"},"inLanguage":"de","potentialAction":[{"@type":"ReadAction","target":["https:\/\/ekesto.com\/de\/it-support\/fern-it-unterstuetzung\/"]}]},{"@type":"BreadcrumbList","@id":"https:\/\/ekesto.com\/de\/it-support\/fern-it-unterstuetzung\/#breadcrumb","itemListElement":[{"@type":"ListItem","position":1,"name":"Home","item":"https:\/\/ekesto.com\/de\/"},{"@type":"ListItem","position":2,"name":"IT Support","item":"https:\/\/ekesto.com\/de\/it-support\/"},{"@type":"ListItem","position":3,"name":"(Fern-) IT-Unterst\u00fctzung"}]},{"@type":"WebSite","@id":"https:\/\/ekesto.com\/de\/#website","url":"https:\/\/ekesto.com\/de\/","name":"ekesto","description":"Website Support and Development","publisher":{"@id":"https:\/\/ekesto.com\/de\/#organization"},"potentialAction":[{"@type":"SearchAction","target":{"@type":"EntryPoint","urlTemplate":"https:\/\/ekesto.com\/de\/?s={search_term_string}"},"query-input":{"@type":"PropertyValueSpecification","valueRequired":true,"valueName":"search_term_string"}}],"inLanguage":"de"},{"@type":"Organization","@id":"https:\/\/ekesto.com\/de\/#organization","name":"ekesto","url":"https:\/\/ekesto.com\/de\/","logo":{"@type":"ImageObject","inLanguage":"de","@id":"https:\/\/ekesto.com\/de\/#\/schema\/logo\/image\/","url":"https:\/\/ekesto.com\/wp-content\/uploads\/2023\/12\/ekesto-logo-black-v1.1-web.svg","contentUrl":"https:\/\/ekesto.com\/wp-content\/uploads\/2023\/12\/ekesto-logo-black-v1.1-web.svg","caption":"ekesto"},"image":{"@id":"https:\/\/ekesto.com\/de\/#\/schema\/logo\/image\/"}}]}},"_links":{"self":[{"href":"https:\/\/ekesto.com\/de\/wp-json\/wp\/v2\/pages\/5436","targetHints":{"allow":["GET"]}}],"collection":[{"href":"https:\/\/ekesto.com\/de\/wp-json\/wp\/v2\/pages"}],"about":[{"href":"https:\/\/ekesto.com\/de\/wp-json\/wp\/v2\/types\/page"}],"author":[{"embeddable":true,"href":"https:\/\/ekesto.com\/de\/wp-json\/wp\/v2\/users\/1"}],"replies":[{"embeddable":true,"href":"https:\/\/ekesto.com\/de\/wp-json\/wp\/v2\/comments?post=5436"}],"version-history":[{"count":0,"href":"https:\/\/ekesto.com\/de\/wp-json\/wp\/v2\/pages\/5436\/revisions"}],"up":[{"embeddable":true,"href":"https:\/\/ekesto.com\/de\/wp-json\/wp\/v2\/pages\/5481"}],"wp:attachment":[{"href":"https:\/\/ekesto.com\/de\/wp-json\/wp\/v2\/media?parent=5436"}],"curies":[{"name":"wp","href":"https:\/\/api.w.org\/{rel}","templated":true}]}}