{"id":5426,"date":"2025-01-17T15:23:30","date_gmt":"2025-01-17T14:23:30","guid":{"rendered":"https:\/\/ekesto-2025.local\/unterstuetzung-fuer-bestehende-websites\/"},"modified":"2025-04-25T18:18:09","modified_gmt":"2025-04-25T16:18:09","slug":"unterstuetzung-fuer-bestehende-websites","status":"publish","type":"page","link":"https:\/\/ekesto.com\/de\/unterstuetzung-fuer-bestehende-websites\/","title":{"rendered":"Unterst\u00fctzung f\u00fcr bestehende Websites"},"content":{"rendered":"\n<div data-anim-children=\"animation-observer anim-m-40 anim-d-100 anim-slide-up\" class=\"wp-block-group alignfull site-title-container has-passive-background-color has-background has-global-padding is-layout-constrained wp-block-group-is-layout-constrained header-background\" style=\"margin-top:0\">\n<h1 class=\"wp-block-heading has-text-align-center\">Bestehende Websites unterst\u00fctzen<\/h1>\n\n\n\n<p class=\"has-text-align-center has-large-font-size\">Kleine \u00c4nderungen k\u00f6nnen einen grossen Unterschied machen<\/p>\n<\/div>\n\n<p>Haben Sie eine Website, mit der Sie nicht ganz zufrieden sind oder die Sie nur schwer aktualisieren k\u00f6nnen? Vielleicht haben Sie sie selbst erstellt, aber Sie kommen nicht weiter, oder Ihr urspr\u00fcnglicher Entwickler ist nicht mehr verf\u00fcgbar?<\/p>\n\n<p>Was auch immer der Grund ist:<\/p>\n\n<h4 class=\"wp-block-heading\">Ich bin hier, um zu helfen.<\/h4>\n\n<p>Mit meiner langj\u00e4hrigen und breiten Erfahrung als <a href=\"https:\/\/ekesto.com\/de\/ueber-mich\/web-entwickler-hintergrund\/\">Web-Entwickler<\/a> kann ich die meisten Probleme l\u00f6sen und Fragen zu Ihrer bestehenden Website beantworten. Lassen Sie uns Ihre Website f\u00fcr Sie arbeiten.<\/p>\n\n<p>Ganz gleich, welche Plattform Ihre Website verwendet:<\/p>\n\n<ul class=\"wp-block-list\">\n<li>WIX<\/li>\n\n\n\n<li>Squarespace<\/li>\n\n\n\n<li>WordPress.com<\/li>\n\n\n\n<li>Selbstgehostetes WordPress<\/li>\n\n\n\n<li>Oder etwas ganz anderes<\/li>\n<\/ul>\n\n<h4 class=\"wp-block-heading\">L\u00f6sungen einfach gemacht<\/h4>\n\n<p>Hier sind nur einige M\u00f6glichkeiten, wie ich Ihnen helfen kann, Ihre Website zu verbessern:<\/p>\n\n<ul class=\"wp-block-list\">\n<li>Ratschl\u00e4ge f\u00fcr ein einhetliches und professionelles Erscheinungsbild<\/li>\n\n\n\n<li>Design Optimierungen<\/li>\n\n\n\n<li>Schnelleres Laden der Seite und bessere Leistung<\/li>\n\n\n\n<li>Verbessern der Benutzererfahrung<\/li>\n\n\n\n<li>SEO-Tipps zur Steigerung Ihrer Sichtbarkeit<\/li>\n\n\n\n<li>Inhalte f\u00fcr eine einfachere Navigation organisieren<\/li>\n\n\n\n<li>Hinzuf\u00fcgen neuer Features oder Funktionen<\/li>\n\n\n\n<li>Ihre Website mehrsprachig machen (WordPress)<\/li>\n\n\n\n<li>Newsletter einrichten und einbinden<\/li>\n\n\n\n<li>Einrichtung und Behebung von Problemen mit E-Mails<\/li>\n\n\n\n<li>Umzug Ihrer Website zu einem neuen <a href=\"https:\/\/ekesto.com\/de\/artikel\/schweizer-web-hosting-empfehlung\/\">Hosting-Anbieter<\/a><\/li>\n\n\n\n<li>Einrichten zuverl\u00e4ssiger Backup-Tools<\/li>\n<\/ul>\n\n<h2 class=\"wp-block-heading\" id=\"analysis-form\">Kostenloses Beratungsgespr\u00e4ch<\/h2>\n\n<p>Schicken Sie mir Ihre Daten, und ich werde mich baldm\u00f6glichst bei Ihnen melden. Lassen Sie uns sehen, wie wir Ihre Website zum Strahlen bringen k\u00f6nnen.<\/p>\n\n<div class=\"wp-block-contact-form-7-contact-form-selector\">\n<div class=\"wpcf7 no-js\" id=\"wpcf7-f5405-o1\" lang=\"de-DE\" dir=\"ltr\" data-wpcf7-id=\"5405\">\n<div class=\"screen-reader-response\"><p role=\"status\" aria-live=\"polite\" aria-atomic=\"true\"><\/p> <ul><\/ul><\/div>\n<form action=\"\/de\/wp-json\/wp\/v2\/pages\/5426#wpcf7-f5405-o1\" method=\"post\" class=\"wpcf7-form init\" aria-label=\"Kontaktformular\" novalidate=\"novalidate\" data-status=\"init\">\n<fieldset class=\"hidden-fields-container\"><input type=\"hidden\" name=\"_wpcf7\" value=\"5405\" \/><input type=\"hidden\" name=\"_wpcf7_version\" value=\"6.1.5\" \/><input type=\"hidden\" name=\"_wpcf7_locale\" value=\"de_DE\" \/><input type=\"hidden\" name=\"_wpcf7_unit_tag\" value=\"wpcf7-f5405-o1\" \/><input type=\"hidden\" name=\"_wpcf7_container_post\" value=\"0\" \/><input type=\"hidden\" name=\"_wpcf7_posted_data_hash\" value=\"\" \/>\n<\/fieldset>\n<div class=\"wpcf7-response-output\" aria-hidden=\"true\"><\/div>\n<div class=\"cf7-row cf7-two-column-layout\">\n    <div class=\"cf7-column\">\n        <label><span class=\"sr-only\">Name<\/span><span class=\"wpcf7-form-control-wrap\" data-name=\"your-name\"><input size=\"40\" maxlength=\"400\" class=\"wpcf7-form-control wpcf7-text wpcf7-validates-as-required\" autocomplete=\"name\" aria-required=\"true\" aria-invalid=\"false\" placeholder=\"Name\" value=\"\" type=\"text\" name=\"your-name\" \/><\/span> <\/label>\n    <\/div>\n    <div class=\"cf7-column\">\n        <label><span class=\"sr-only\">E-Mail<\/span><span class=\"wpcf7-form-control-wrap\" data-name=\"your-email\"><input size=\"40\" maxlength=\"400\" class=\"wpcf7-form-control wpcf7-email wpcf7-validates-as-required wpcf7-text wpcf7-validates-as-email\" aria-required=\"true\" aria-invalid=\"false\" placeholder=\"E-Mail\" value=\"\" type=\"email\" name=\"your-email\" \/><\/span> <\/label>\n    <\/div>\n<\/div>\n<div class=\"cf7-row cf7-two-column-layout\">\n    <div class=\"cf7-column\">\n        <label><span class=\"sr-only\">Website<\/span><span class=\"wpcf7-form-control-wrap\" data-name=\"website\"><input size=\"40\" maxlength=\"400\" class=\"wpcf7-form-control wpcf7-url wpcf7-validates-as-required wpcf7-text wpcf7-validates-as-url\" autocomplete=\"phone\" aria-required=\"true\" aria-invalid=\"false\" placeholder=\"Website\" value=\"\" type=\"url\" name=\"website\" \/><\/span> <\/label>\n    <\/div>\n    <div class=\"cf7-column\">\n        <label><span class=\"sr-only\">Land<\/span><span class=\"wpcf7-form-control-wrap\" data-name=\"country\"><input size=\"40\" maxlength=\"400\" class=\"wpcf7-form-control wpcf7-text wpcf7-validates-as-required\" autocomplete=\"address\" aria-required=\"true\" aria-invalid=\"false\" placeholder=\"Land\" value=\"\" type=\"text\" name=\"country\" \/><\/span> <\/label>\n    <\/div>\n<\/div>\n<div class=\"cf7-row\">\n    <label><span class=\"sr-only\">Nachricht<\/span><span class=\"wpcf7-form-control-wrap\" data-name=\"message\"><textarea cols=\"40\" rows=\"10\" maxlength=\"2000\" class=\"wpcf7-form-control wpcf7-textarea wpcf7-validates-as-required\" aria-required=\"true\" aria-invalid=\"false\" placeholder=\"Nachricht\" name=\"message\"><\/textarea><\/span> <\/label>\n<\/div>\n<div class=\"cf7-row cf7-row--spacious\">\n<span class=\"wpcf7-form-control-wrap\" data-name=\"accept-this-1\"><span class=\"wpcf7-form-control wpcf7-acceptance\"><span class=\"wpcf7-list-item\"><label><input type=\"checkbox\" name=\"accept-this-1\" value=\"1\" aria-invalid=\"false\" \/><span class=\"wpcf7-list-item-label\">Ich bin damit einverstanden, dass meine Anfragedaten f\u00fcr interne Zwecke gespeichert werden.<\/span><\/label><\/span><\/span><\/span>\n<\/div>\n<div class=\"cf7-row\">\n    <div class=\"wp-block-buttons is-layout-flex wp-block-buttons-is-layout-flex\">\n        <div class=\"wp-block-button\">\n            <input class=\"wpcf7-form-control wpcf7-submit has-spinner wp-block-button__link wp-element-button\" type=\"submit\" value=\"Nachricht senden\" \/>\n        <\/div>\n    <\/div>\n<\/div>\n<div class=\"cf7-cf-turnstile\" style=\"margin-top: 0px; margin-bottom: -15px;\"> <div id=\"cf-turnstile-cf7-2629237207\" class=\"cf-turnstile\" data-sitekey=\"0x4AAAAAAAPlRmNlYb4OjDhr\" data-theme=\"light\" data-language=\"auto\" data-size=\"normal\" data-retry=\"auto\" data-retry-interval=\"1000\" data-refresh-expired=\"auto\" data-refresh-timeout=\"auto\" data-action=\"contact-form-7\" data-callback=\"turnstileCF7Callback\" data-appearance=\"always\"><\/div> <script>document.addEventListener(\"DOMContentLoaded\", function() { setTimeout(function(){ var e=document.getElementById(\"cf-turnstile-cf7-2629237207\"); if(e&&!e.innerHTML.trim()){turnstile.render(e, {sitekey:\"0x4AAAAAAAPlRmNlYb4OjDhr\"});} }, 200); });<\/script> <br class=\"cf-turnstile-br cf-turnstile-br-cf7-2629237207\"> <style>#cf-turnstile-cf7-2629237207 { margin-left: -15px; }<\/style> <script>document.addEventListener(\"DOMContentLoaded\",function(){document.querySelectorAll('.wpcf7-form').forEach(function(e){e.addEventListener('submit',function(){if(document.getElementById('cf-turnstile-cf7-2629237207')){setTimeout(function(){turnstile.reset('#cf-turnstile-cf7-2629237207');},1000)}})})});<\/script> <\/div>\n<\/form>\n<\/div>\n<\/div>\n\n<p>Und sollte es ein Treffer sein, k\u00f6nnen Sie sich schon einmal ansehen, wie ich mit dem Thema Energieaustausch umgehe.<\/p>\n\n<p class=\"conditions-info\">Details \u00fcber meine <a href=\"https:\/\/ekesto.com\/de\/konditionen\/\" data-type=\"page\" data-id=\"4155\">Konditionen<\/a>.<\/p>\n","protected":false},"excerpt":{"rendered":"<p>Bestehende Websites unterst\u00fctzen Kleine \u00c4nderungen k\u00f6nnen einen grossen Unterschied machen Haben Sie eine Website, mit der Sie nicht ganz zufrieden sind oder die Sie nur schwer aktualisieren k\u00f6nnen? Vielleicht haben Sie sie selbst erstellt, aber Sie kommen nicht weiter, oder Ihr urspr\u00fcnglicher Entwickler ist nicht mehr verf\u00fcgbar? Was auch immer der Grund ist: Ich bin [&hellip;]<\/p>\n","protected":false},"author":1,"featured_media":0,"parent":0,"menu_order":0,"comment_status":"closed","ping_status":"closed","template":"","meta":{"_acf_changed":false,"footnotes":""},"class_list":["post-5426","page","type-page","status-publish","hentry"],"acf":[],"yoast_head":"<!-- This site is optimized with the Yoast SEO plugin v27.4 - https:\/\/yoast.com\/product\/yoast-seo-wordpress\/ -->\n<title>Unterst\u00fctzung f\u00fcr bestehende Websites &#8226; ekesto<\/title>\n<meta name=\"description\" content=\"Fachkundige Unterst\u00fctzung f\u00fcr bestehende Websites. Von Designverbesserungen bis hin zu Leistungssteigerungen helfe ich Ihrer Website zu gl\u00e4nzen - unabh\u00e4ngig von der Plattform.\" \/>\n<meta name=\"robots\" content=\"index, follow, max-snippet:-1, max-image-preview:large, max-video-preview:-1\" \/>\n<link rel=\"canonical\" href=\"https:\/\/ekesto.com\/de\/unterstuetzung-fuer-bestehende-websites\/\" \/>\n<meta property=\"og:locale\" content=\"de_DE\" \/>\n<meta property=\"og:type\" content=\"article\" \/>\n<meta property=\"og:title\" content=\"Unterst\u00fctzung f\u00fcr bestehende Websites &#8226; ekesto\" \/>\n<meta property=\"og:description\" content=\"Fachkundige Unterst\u00fctzung f\u00fcr bestehende Websites. Von Designverbesserungen bis hin zu Leistungssteigerungen helfe ich Ihrer Website zu gl\u00e4nzen - unabh\u00e4ngig von der Plattform.\" \/>\n<meta property=\"og:url\" content=\"https:\/\/ekesto.com\/de\/unterstuetzung-fuer-bestehende-websites\/\" \/>\n<meta property=\"og:site_name\" content=\"ekesto\" \/>\n<meta property=\"article:modified_time\" content=\"2025-04-25T16:18:09+00:00\" \/>\n<meta property=\"og:image\" content=\"https:\/\/ekesto.com\/wp-content\/uploads\/2022\/09\/glenn-carstens-peters-npxXWgQ33ZQ-unsplash.jpg\" \/>\n\t<meta property=\"og:image:width\" content=\"1200\" \/>\n\t<meta property=\"og:image:height\" content=\"798\" \/>\n\t<meta property=\"og:image:type\" content=\"image\/jpeg\" \/>\n<meta name=\"twitter:card\" content=\"summary_large_image\" \/>\n<meta name=\"twitter:label1\" content=\"Gesch\u00e4tzte Lesezeit\" \/>\n\t<meta name=\"twitter:data1\" content=\"1\u00a0Minute\" \/>\n<script type=\"application\/ld+json\" class=\"yoast-schema-graph\">{\"@context\":\"https:\\\/\\\/schema.org\",\"@graph\":[{\"@type\":\"WebPage\",\"@id\":\"https:\\\/\\\/ekesto.com\\\/de\\\/unterstuetzung-fuer-bestehende-websites\\\/\",\"url\":\"https:\\\/\\\/ekesto.com\\\/de\\\/unterstuetzung-fuer-bestehende-websites\\\/\",\"name\":\"Unterst\u00fctzung f\u00fcr bestehende Websites &#8226; ekesto\",\"isPartOf\":{\"@id\":\"https:\\\/\\\/ekesto.com\\\/de\\\/#website\"},\"datePublished\":\"2025-01-17T14:23:30+00:00\",\"dateModified\":\"2025-04-25T16:18:09+00:00\",\"description\":\"Fachkundige Unterst\u00fctzung f\u00fcr bestehende Websites. Von Designverbesserungen bis hin zu Leistungssteigerungen helfe ich Ihrer Website zu gl\u00e4nzen - unabh\u00e4ngig von der Plattform.\",\"breadcrumb\":{\"@id\":\"https:\\\/\\\/ekesto.com\\\/de\\\/unterstuetzung-fuer-bestehende-websites\\\/#breadcrumb\"},\"inLanguage\":\"de\",\"potentialAction\":[{\"@type\":\"ReadAction\",\"target\":[\"https:\\\/\\\/ekesto.com\\\/de\\\/unterstuetzung-fuer-bestehende-websites\\\/\"]}]},{\"@type\":\"BreadcrumbList\",\"@id\":\"https:\\\/\\\/ekesto.com\\\/de\\\/unterstuetzung-fuer-bestehende-websites\\\/#breadcrumb\",\"itemListElement\":[{\"@type\":\"ListItem\",\"position\":1,\"name\":\"Home\",\"item\":\"https:\\\/\\\/ekesto.com\\\/de\\\/\"},{\"@type\":\"ListItem\",\"position\":2,\"name\":\"Unterst\u00fctzung f\u00fcr bestehende Websites\"}]},{\"@type\":\"WebSite\",\"@id\":\"https:\\\/\\\/ekesto.com\\\/de\\\/#website\",\"url\":\"https:\\\/\\\/ekesto.com\\\/de\\\/\",\"name\":\"ekesto\",\"description\":\"Website Support and Development\",\"publisher\":{\"@id\":\"https:\\\/\\\/ekesto.com\\\/de\\\/#organization\"},\"potentialAction\":[{\"@type\":\"SearchAction\",\"target\":{\"@type\":\"EntryPoint\",\"urlTemplate\":\"https:\\\/\\\/ekesto.com\\\/de\\\/?s={search_term_string}\"},\"query-input\":{\"@type\":\"PropertyValueSpecification\",\"valueRequired\":true,\"valueName\":\"search_term_string\"}}],\"inLanguage\":\"de\"},{\"@type\":\"Organization\",\"@id\":\"https:\\\/\\\/ekesto.com\\\/de\\\/#organization\",\"name\":\"ekesto\",\"url\":\"https:\\\/\\\/ekesto.com\\\/de\\\/\",\"logo\":{\"@type\":\"ImageObject\",\"inLanguage\":\"de\",\"@id\":\"https:\\\/\\\/ekesto.com\\\/de\\\/#\\\/schema\\\/logo\\\/image\\\/\",\"url\":\"https:\\\/\\\/ekesto.com\\\/wp-content\\\/uploads\\\/2023\\\/12\\\/ekesto-logo-black-v1.1-web.svg\",\"contentUrl\":\"https:\\\/\\\/ekesto.com\\\/wp-content\\\/uploads\\\/2023\\\/12\\\/ekesto-logo-black-v1.1-web.svg\",\"caption\":\"ekesto\"},\"image\":{\"@id\":\"https:\\\/\\\/ekesto.com\\\/de\\\/#\\\/schema\\\/logo\\\/image\\\/\"}}]}<\/script>\n<!-- \/ Yoast SEO plugin. -->","yoast_head_json":{"title":"Unterst\u00fctzung f\u00fcr bestehende Websites &#8226; ekesto","description":"Fachkundige Unterst\u00fctzung f\u00fcr bestehende Websites. Von Designverbesserungen bis hin zu Leistungssteigerungen helfe ich Ihrer Website zu gl\u00e4nzen - unabh\u00e4ngig von der Plattform.","robots":{"index":"index","follow":"follow","max-snippet":"max-snippet:-1","max-image-preview":"max-image-preview:large","max-video-preview":"max-video-preview:-1"},"canonical":"https:\/\/ekesto.com\/de\/unterstuetzung-fuer-bestehende-websites\/","og_locale":"de_DE","og_type":"article","og_title":"Unterst\u00fctzung f\u00fcr bestehende Websites &#8226; ekesto","og_description":"Fachkundige Unterst\u00fctzung f\u00fcr bestehende Websites. Von Designverbesserungen bis hin zu Leistungssteigerungen helfe ich Ihrer Website zu gl\u00e4nzen - unabh\u00e4ngig von der Plattform.","og_url":"https:\/\/ekesto.com\/de\/unterstuetzung-fuer-bestehende-websites\/","og_site_name":"ekesto","article_modified_time":"2025-04-25T16:18:09+00:00","og_image":[{"width":1200,"height":798,"url":"https:\/\/ekesto.com\/wp-content\/uploads\/2022\/09\/glenn-carstens-peters-npxXWgQ33ZQ-unsplash.jpg","type":"image\/jpeg"}],"twitter_card":"summary_large_image","twitter_misc":{"Gesch\u00e4tzte Lesezeit":"1\u00a0Minute"},"schema":{"@context":"https:\/\/schema.org","@graph":[{"@type":"WebPage","@id":"https:\/\/ekesto.com\/de\/unterstuetzung-fuer-bestehende-websites\/","url":"https:\/\/ekesto.com\/de\/unterstuetzung-fuer-bestehende-websites\/","name":"Unterst\u00fctzung f\u00fcr bestehende Websites &#8226; ekesto","isPartOf":{"@id":"https:\/\/ekesto.com\/de\/#website"},"datePublished":"2025-01-17T14:23:30+00:00","dateModified":"2025-04-25T16:18:09+00:00","description":"Fachkundige Unterst\u00fctzung f\u00fcr bestehende Websites. Von Designverbesserungen bis hin zu Leistungssteigerungen helfe ich Ihrer Website zu gl\u00e4nzen - unabh\u00e4ngig von der Plattform.","breadcrumb":{"@id":"https:\/\/ekesto.com\/de\/unterstuetzung-fuer-bestehende-websites\/#breadcrumb"},"inLanguage":"de","potentialAction":[{"@type":"ReadAction","target":["https:\/\/ekesto.com\/de\/unterstuetzung-fuer-bestehende-websites\/"]}]},{"@type":"BreadcrumbList","@id":"https:\/\/ekesto.com\/de\/unterstuetzung-fuer-bestehende-websites\/#breadcrumb","itemListElement":[{"@type":"ListItem","position":1,"name":"Home","item":"https:\/\/ekesto.com\/de\/"},{"@type":"ListItem","position":2,"name":"Unterst\u00fctzung f\u00fcr bestehende Websites"}]},{"@type":"WebSite","@id":"https:\/\/ekesto.com\/de\/#website","url":"https:\/\/ekesto.com\/de\/","name":"ekesto","description":"Website Support and Development","publisher":{"@id":"https:\/\/ekesto.com\/de\/#organization"},"potentialAction":[{"@type":"SearchAction","target":{"@type":"EntryPoint","urlTemplate":"https:\/\/ekesto.com\/de\/?s={search_term_string}"},"query-input":{"@type":"PropertyValueSpecification","valueRequired":true,"valueName":"search_term_string"}}],"inLanguage":"de"},{"@type":"Organization","@id":"https:\/\/ekesto.com\/de\/#organization","name":"ekesto","url":"https:\/\/ekesto.com\/de\/","logo":{"@type":"ImageObject","inLanguage":"de","@id":"https:\/\/ekesto.com\/de\/#\/schema\/logo\/image\/","url":"https:\/\/ekesto.com\/wp-content\/uploads\/2023\/12\/ekesto-logo-black-v1.1-web.svg","contentUrl":"https:\/\/ekesto.com\/wp-content\/uploads\/2023\/12\/ekesto-logo-black-v1.1-web.svg","caption":"ekesto"},"image":{"@id":"https:\/\/ekesto.com\/de\/#\/schema\/logo\/image\/"}}]}},"_links":{"self":[{"href":"https:\/\/ekesto.com\/de\/wp-json\/wp\/v2\/pages\/5426","targetHints":{"allow":["GET"]}}],"collection":[{"href":"https:\/\/ekesto.com\/de\/wp-json\/wp\/v2\/pages"}],"about":[{"href":"https:\/\/ekesto.com\/de\/wp-json\/wp\/v2\/types\/page"}],"author":[{"embeddable":true,"href":"https:\/\/ekesto.com\/de\/wp-json\/wp\/v2\/users\/1"}],"replies":[{"embeddable":true,"href":"https:\/\/ekesto.com\/de\/wp-json\/wp\/v2\/comments?post=5426"}],"version-history":[{"count":0,"href":"https:\/\/ekesto.com\/de\/wp-json\/wp\/v2\/pages\/5426\/revisions"}],"wp:attachment":[{"href":"https:\/\/ekesto.com\/de\/wp-json\/wp\/v2\/media?parent=5426"}],"curies":[{"name":"wp","href":"https:\/\/api.w.org\/{rel}","templated":true}]}}