{"id":5356,"date":"2022-09-08T17:40:40","date_gmt":"2022-09-08T15:40:40","guid":{"rendered":"https:\/\/ekesto-2025.local\/benutzerdefinierte-wordpress-websites\/"},"modified":"2025-03-04T15:49:22","modified_gmt":"2025-03-04T14:49:22","slug":"wordpress-loesungen","status":"publish","type":"page","link":"https:\/\/ekesto.com\/de\/wordpress-loesungen\/","title":{"rendered":"WordPress L\u00f6sungen"},"content":{"rendered":"\n<div data-anim-children=\"animation-observer anim-m-40 anim-d-100 anim-slide-up\" class=\"wp-block-group alignfull site-title-container has-passive-background-color has-background has-global-padding is-layout-constrained wp-block-group-is-layout-constrained header-background\" style=\"margin-top:0\">\n<h1 class=\"wp-block-heading has-text-align-center\">Entwicklung von WordPress-Websites und Erweiterungen<\/h1>\n\n\n\n<p class=\"has-text-align-center has-large-font-size\">Ihre Vision manifestieren<\/p>\n<\/div>\n\n<p>Seit 2012 habe ich mich auf die Verwendung von <a href=\"https:\/\/wordpress.org\/\" target=\"_blank\" rel=\"noreferrer noopener\">WordPress<\/a>, einem kostenlosen und quelloffenen CMS (Content Management System), spezialisiert, um dynamische, benutzerfreundliche Websites zu erstellen. Mit seiner grossen Community und den st\u00e4ndigen Verbesserungen bietet WordPress Flexibilit\u00e4t und Zuverl\u00e4ssigkeit f\u00fcr jedes Projekt.<\/p>\n\n<h4 class=\"wp-block-heading\">So kann die Zusammenarbeit mit mir aussehen<\/h4>\n\n<ol class=\"wp-block-list\">\n<li>Wir arbeiten zusammen, um den Zweck und die Struktur Ihrer Website zu definieren.<\/li>\n\n\n\n<li>Sie liefern Text, Bilder und idealerweise Ihre visuelle Markenidentit\u00e4t.<\/li>\n\n\n\n<li>Ich entwerfe und entwickle eine auf Ihre Bed\u00fcrfnisse zugeschnittene Website.<\/li>\n\n\n\n<li>Nach der Fertigstellung gebe ich Ihnen klare Anweisungen f\u00fcr die Verwaltung der Inhalte, so dass Sie sich nicht mehr um die Aktualisierung des Designs k\u00fcmmern m\u00fcssen.<\/li>\n\n\n\n<li>Ben\u00f6tigen Sie sp\u00e4ter Hilfe oder zus\u00e4tzliche Funktionen? Ich bin nur eine Nachricht entfernt.<\/li>\n<\/ol>\n\n<h4 class=\"wp-block-heading\">Individuelles Design und Funktionalit\u00e4t<\/h4>\n\n<p>Mit meiner Erfahrung liefere ich effizient 100% massgeschneiderte L\u00f6sungen. Ob Sie nun spezifische WordPress-Plugins oder Gutenberg-Bl\u00f6cke ben\u00f6tigen, ich sorge daf\u00fcr, dass Ihre Website genau das tut, was Sie brauchen &#8211; nicht mehr und nicht weniger.<\/p>\n\n<p>Block Themes bieten un\u00fcbertroffene Flexibilit\u00e4t. Durch die Erstellung von benutzerdefinierten Gutenberg-Bl\u00f6cken (einzelne Elemente) und Patterns (wiederverwendbare Gruppen von Elementen) k\u00f6nnen wir jedes beliebige Design oder jede beliebige Funktionalit\u00e4t realisieren, um Ihre Ziele zu erreichen. Im Grunde gibt es keine Grenzen: <em>Ihr Wunsch ist mir Befehl.<\/em><\/p>\n\n<p>Sie sind ein Designer und suchen einen Entwickler, der Ihre genauen Vorstellungen in die Realit\u00e4t umsetzt? <a href=\"https:\/\/ekesto.com\/de\/kontakt\/\">Ich bin f\u00fcr Sie da<\/a>.<\/p>\n\n<h4 class=\"wp-block-heading\">Bereit f\u00fcr die Entwicklung<\/h4>\n\n<p>Sobald Ihr digitales Branding fertig ist, verwandle ich es in eine dynamische und interaktive Website. Hier sind einige Punkte, was ich w\u00e4hrend des Entwicklungsprozesses sicherstelle:<\/p>\n\n<ul class=\"wp-block-list\">\n<li>SEO-freundliche Einrichtung f\u00fcr bessere Sichtbarkeit.<\/li>\n\n\n\n<li>Schnell ladende Seiten f\u00fcr ein fl\u00fcssiges Benutzererlebnis.<\/li>\n\n\n\n<li>Mobiles Design, das die Benutzer auf allen Ger\u00e4ten anspricht.<\/li>\n\n\n\n<li>Umfassende Sicherheitsmassnahmen zum Schutz Ihrer Website.<\/li>\n<\/ul>\n\n<h4 class=\"wp-block-heading\">Ein Hinweis zum Design<\/h4>\n\n<p>Wenn Sie bereits ein Logo, Schriftarten und eine Farbpalette haben, k\u00f6nnen wir sofort loslegen! Wenn nicht, <a href=\"https:\/\/ekesto.com\/de\/kontakt\/\">wenden Sie sich an mich<\/a>, und ich werde Sie mit erfahrenen Designern zusammenbringen, die Ihnen bei der Definition Ihrer Markenidentit\u00e4t helfen.<\/p>\n\n<div class=\"wp-block-group custom-cta-group is-style-custom-cta has-passive-background-color has-background has-global-padding is-content-justification-center is-layout-constrained wp-container-core-group-is-layout-03ce6e97 wp-block-group-is-layout-constrained\" style=\"border-bottom-color:var(--wp--preset--color--passive-dark);border-bottom-width:2px;padding-top:var(--wp--preset--spacing--large);padding-right:var(--wp--preset--spacing--large);padding-bottom:var(--wp--preset--spacing--large);padding-left:var(--wp--preset--spacing--large)\">\n<h3 class=\"wp-block-heading has-text-align-center\">Lassen Sie uns \u00fcber Ihr Projekt sprechen<\/h3>\n\n\n\n<p class=\"has-text-align-center\">Keine Verpflichtung, nur ein freundliches Gespr\u00e4ch.<\/p>\n\n\n\n<div class=\"wp-block-buttons is-content-justification-center is-layout-flex wp-container-core-buttons-is-layout-a89b3969 wp-block-buttons-is-layout-flex\">\n<div class=\"wp-block-button\"><a class=\"wp-block-button__link wp-element-button\" href=\"https:\/\/ekesto.com\/de\/kontakt\/\">Kontaktieren Sie mich<\/a><\/div>\n<\/div>\n<\/div>\n","protected":false},"excerpt":{"rendered":"<p>Entwicklung von WordPress-Websites und Erweiterungen Ihre Vision manifestieren Seit 2012 habe ich mich auf die Verwendung von WordPress, einem kostenlosen und quelloffenen CMS (Content Management System), spezialisiert, um dynamische, benutzerfreundliche Websites zu erstellen. Mit seiner grossen Community und den st\u00e4ndigen Verbesserungen bietet WordPress Flexibilit\u00e4t und Zuverl\u00e4ssigkeit f\u00fcr jedes Projekt. So kann die Zusammenarbeit mit mir [&hellip;]<\/p>\n","protected":false},"author":1,"featured_media":5263,"parent":0,"menu_order":0,"comment_status":"closed","ping_status":"closed","template":"","meta":{"_acf_changed":false,"footnotes":""},"class_list":["post-5356","page","type-page","status-publish","has-post-thumbnail","hentry"],"acf":[],"yoast_head":"<!-- This site is optimized with the Yoast SEO plugin v27.4 - https:\/\/yoast.com\/product\/yoast-seo-wordpress\/ -->\n<title>WordPress L\u00f6sungen &#8226; ekesto<\/title>\n<meta name=\"description\" content=\"Massgeschneiderte WordPress-Webseiten und Erweitungen f\u00fcr Ihre Bed\u00fcrfnisse. SEO-freundliche, schnelle, sichere und mobilf\u00e4hige L\u00f6sungen mit flexiblen Designoptionen.\" \/>\n<meta name=\"robots\" content=\"index, follow, max-snippet:-1, max-image-preview:large, max-video-preview:-1\" \/>\n<link rel=\"canonical\" href=\"https:\/\/ekesto.com\/de\/wordpress-loesungen\/\" \/>\n<meta property=\"og:locale\" content=\"de_DE\" \/>\n<meta property=\"og:type\" content=\"article\" \/>\n<meta property=\"og:title\" content=\"WordPress L\u00f6sungen &#8226; ekesto\" \/>\n<meta property=\"og:description\" content=\"Massgeschneiderte WordPress-Webseiten und Erweitungen f\u00fcr Ihre Bed\u00fcrfnisse. SEO-freundliche, schnelle, sichere und mobilf\u00e4hige L\u00f6sungen mit flexiblen Designoptionen.\" \/>\n<meta property=\"og:url\" content=\"https:\/\/ekesto.com\/de\/wordpress-loesungen\/\" \/>\n<meta property=\"og:site_name\" content=\"ekesto\" \/>\n<meta property=\"article:modified_time\" content=\"2025-03-04T14:49:22+00:00\" \/>\n<meta property=\"og:image\" content=\"http:\/\/ekesto.site\/wp-content\/uploads\/2022\/09\/glenn-carstens-peters-npxXWgQ33ZQ-unsplash.jpg\" \/>\n\t<meta property=\"og:image:width\" content=\"1200\" \/>\n\t<meta property=\"og:image:height\" content=\"798\" \/>\n\t<meta property=\"og:image:type\" content=\"image\/jpeg\" \/>\n<meta name=\"twitter:card\" content=\"summary_large_image\" \/>\n<meta name=\"twitter:label1\" content=\"Gesch\u00e4tzte Lesezeit\" \/>\n\t<meta name=\"twitter:data1\" content=\"2\u00a0Minuten\" \/>\n<script type=\"application\/ld+json\" class=\"yoast-schema-graph\">{\"@context\":\"https:\\\/\\\/schema.org\",\"@graph\":[{\"@type\":\"WebPage\",\"@id\":\"https:\\\/\\\/ekesto.com\\\/de\\\/wordpress-loesungen\\\/\",\"url\":\"https:\\\/\\\/ekesto.com\\\/de\\\/wordpress-loesungen\\\/\",\"name\":\"WordPress L\u00f6sungen &#8226; ekesto\",\"isPartOf\":{\"@id\":\"https:\\\/\\\/ekesto.com\\\/de\\\/#website\"},\"primaryImageOfPage\":{\"@id\":\"https:\\\/\\\/ekesto.com\\\/de\\\/wordpress-loesungen\\\/#primaryimage\"},\"image\":{\"@id\":\"https:\\\/\\\/ekesto.com\\\/de\\\/wordpress-loesungen\\\/#primaryimage\"},\"thumbnailUrl\":\"https:\\\/\\\/ekesto.com\\\/wp-content\\\/uploads\\\/2022\\\/09\\\/glenn-carstens-peters-npxXWgQ33ZQ-unsplash.jpg\",\"datePublished\":\"2022-09-08T15:40:40+00:00\",\"dateModified\":\"2025-03-04T14:49:22+00:00\",\"description\":\"Massgeschneiderte WordPress-Webseiten und Erweitungen f\u00fcr Ihre Bed\u00fcrfnisse. SEO-freundliche, schnelle, sichere und mobilf\u00e4hige L\u00f6sungen mit flexiblen Designoptionen.\",\"breadcrumb\":{\"@id\":\"https:\\\/\\\/ekesto.com\\\/de\\\/wordpress-loesungen\\\/#breadcrumb\"},\"inLanguage\":\"de\",\"potentialAction\":[{\"@type\":\"ReadAction\",\"target\":[\"https:\\\/\\\/ekesto.com\\\/de\\\/wordpress-loesungen\\\/\"]}]},{\"@type\":\"ImageObject\",\"inLanguage\":\"de\",\"@id\":\"https:\\\/\\\/ekesto.com\\\/de\\\/wordpress-loesungen\\\/#primaryimage\",\"url\":\"https:\\\/\\\/ekesto.com\\\/wp-content\\\/uploads\\\/2022\\\/09\\\/glenn-carstens-peters-npxXWgQ33ZQ-unsplash.jpg\",\"contentUrl\":\"https:\\\/\\\/ekesto.com\\\/wp-content\\\/uploads\\\/2022\\\/09\\\/glenn-carstens-peters-npxXWgQ33ZQ-unsplash.jpg\",\"width\":1200,\"height\":798,\"caption\":\"ekesto website support\"},{\"@type\":\"BreadcrumbList\",\"@id\":\"https:\\\/\\\/ekesto.com\\\/de\\\/wordpress-loesungen\\\/#breadcrumb\",\"itemListElement\":[{\"@type\":\"ListItem\",\"position\":1,\"name\":\"Home\",\"item\":\"https:\\\/\\\/ekesto.com\\\/de\\\/\"},{\"@type\":\"ListItem\",\"position\":2,\"name\":\"WordPress L\u00f6sungen\"}]},{\"@type\":\"WebSite\",\"@id\":\"https:\\\/\\\/ekesto.com\\\/de\\\/#website\",\"url\":\"https:\\\/\\\/ekesto.com\\\/de\\\/\",\"name\":\"ekesto\",\"description\":\"Website Support and Development\",\"publisher\":{\"@id\":\"https:\\\/\\\/ekesto.com\\\/de\\\/#organization\"},\"potentialAction\":[{\"@type\":\"SearchAction\",\"target\":{\"@type\":\"EntryPoint\",\"urlTemplate\":\"https:\\\/\\\/ekesto.com\\\/de\\\/?s={search_term_string}\"},\"query-input\":{\"@type\":\"PropertyValueSpecification\",\"valueRequired\":true,\"valueName\":\"search_term_string\"}}],\"inLanguage\":\"de\"},{\"@type\":\"Organization\",\"@id\":\"https:\\\/\\\/ekesto.com\\\/de\\\/#organization\",\"name\":\"ekesto\",\"url\":\"https:\\\/\\\/ekesto.com\\\/de\\\/\",\"logo\":{\"@type\":\"ImageObject\",\"inLanguage\":\"de\",\"@id\":\"https:\\\/\\\/ekesto.com\\\/de\\\/#\\\/schema\\\/logo\\\/image\\\/\",\"url\":\"https:\\\/\\\/ekesto.com\\\/wp-content\\\/uploads\\\/2023\\\/12\\\/ekesto-logo-black-v1.1-web.svg\",\"contentUrl\":\"https:\\\/\\\/ekesto.com\\\/wp-content\\\/uploads\\\/2023\\\/12\\\/ekesto-logo-black-v1.1-web.svg\",\"caption\":\"ekesto\"},\"image\":{\"@id\":\"https:\\\/\\\/ekesto.com\\\/de\\\/#\\\/schema\\\/logo\\\/image\\\/\"}}]}<\/script>\n<!-- \/ Yoast SEO plugin. -->","yoast_head_json":{"title":"WordPress L\u00f6sungen &#8226; ekesto","description":"Massgeschneiderte WordPress-Webseiten und Erweitungen f\u00fcr Ihre Bed\u00fcrfnisse. SEO-freundliche, schnelle, sichere und mobilf\u00e4hige L\u00f6sungen mit flexiblen Designoptionen.","robots":{"index":"index","follow":"follow","max-snippet":"max-snippet:-1","max-image-preview":"max-image-preview:large","max-video-preview":"max-video-preview:-1"},"canonical":"https:\/\/ekesto.com\/de\/wordpress-loesungen\/","og_locale":"de_DE","og_type":"article","og_title":"WordPress L\u00f6sungen &#8226; ekesto","og_description":"Massgeschneiderte WordPress-Webseiten und Erweitungen f\u00fcr Ihre Bed\u00fcrfnisse. SEO-freundliche, schnelle, sichere und mobilf\u00e4hige L\u00f6sungen mit flexiblen Designoptionen.","og_url":"https:\/\/ekesto.com\/de\/wordpress-loesungen\/","og_site_name":"ekesto","article_modified_time":"2025-03-04T14:49:22+00:00","og_image":[{"width":1200,"height":798,"url":"http:\/\/ekesto.site\/wp-content\/uploads\/2022\/09\/glenn-carstens-peters-npxXWgQ33ZQ-unsplash.jpg","type":"image\/jpeg"}],"twitter_card":"summary_large_image","twitter_misc":{"Gesch\u00e4tzte Lesezeit":"2\u00a0Minuten"},"schema":{"@context":"https:\/\/schema.org","@graph":[{"@type":"WebPage","@id":"https:\/\/ekesto.com\/de\/wordpress-loesungen\/","url":"https:\/\/ekesto.com\/de\/wordpress-loesungen\/","name":"WordPress L\u00f6sungen &#8226; ekesto","isPartOf":{"@id":"https:\/\/ekesto.com\/de\/#website"},"primaryImageOfPage":{"@id":"https:\/\/ekesto.com\/de\/wordpress-loesungen\/#primaryimage"},"image":{"@id":"https:\/\/ekesto.com\/de\/wordpress-loesungen\/#primaryimage"},"thumbnailUrl":"https:\/\/ekesto.com\/wp-content\/uploads\/2022\/09\/glenn-carstens-peters-npxXWgQ33ZQ-unsplash.jpg","datePublished":"2022-09-08T15:40:40+00:00","dateModified":"2025-03-04T14:49:22+00:00","description":"Massgeschneiderte WordPress-Webseiten und Erweitungen f\u00fcr Ihre Bed\u00fcrfnisse. SEO-freundliche, schnelle, sichere und mobilf\u00e4hige L\u00f6sungen mit flexiblen Designoptionen.","breadcrumb":{"@id":"https:\/\/ekesto.com\/de\/wordpress-loesungen\/#breadcrumb"},"inLanguage":"de","potentialAction":[{"@type":"ReadAction","target":["https:\/\/ekesto.com\/de\/wordpress-loesungen\/"]}]},{"@type":"ImageObject","inLanguage":"de","@id":"https:\/\/ekesto.com\/de\/wordpress-loesungen\/#primaryimage","url":"https:\/\/ekesto.com\/wp-content\/uploads\/2022\/09\/glenn-carstens-peters-npxXWgQ33ZQ-unsplash.jpg","contentUrl":"https:\/\/ekesto.com\/wp-content\/uploads\/2022\/09\/glenn-carstens-peters-npxXWgQ33ZQ-unsplash.jpg","width":1200,"height":798,"caption":"ekesto website support"},{"@type":"BreadcrumbList","@id":"https:\/\/ekesto.com\/de\/wordpress-loesungen\/#breadcrumb","itemListElement":[{"@type":"ListItem","position":1,"name":"Home","item":"https:\/\/ekesto.com\/de\/"},{"@type":"ListItem","position":2,"name":"WordPress L\u00f6sungen"}]},{"@type":"WebSite","@id":"https:\/\/ekesto.com\/de\/#website","url":"https:\/\/ekesto.com\/de\/","name":"ekesto","description":"Website Support and Development","publisher":{"@id":"https:\/\/ekesto.com\/de\/#organization"},"potentialAction":[{"@type":"SearchAction","target":{"@type":"EntryPoint","urlTemplate":"https:\/\/ekesto.com\/de\/?s={search_term_string}"},"query-input":{"@type":"PropertyValueSpecification","valueRequired":true,"valueName":"search_term_string"}}],"inLanguage":"de"},{"@type":"Organization","@id":"https:\/\/ekesto.com\/de\/#organization","name":"ekesto","url":"https:\/\/ekesto.com\/de\/","logo":{"@type":"ImageObject","inLanguage":"de","@id":"https:\/\/ekesto.com\/de\/#\/schema\/logo\/image\/","url":"https:\/\/ekesto.com\/wp-content\/uploads\/2023\/12\/ekesto-logo-black-v1.1-web.svg","contentUrl":"https:\/\/ekesto.com\/wp-content\/uploads\/2023\/12\/ekesto-logo-black-v1.1-web.svg","caption":"ekesto"},"image":{"@id":"https:\/\/ekesto.com\/de\/#\/schema\/logo\/image\/"}}]}},"_links":{"self":[{"href":"https:\/\/ekesto.com\/de\/wp-json\/wp\/v2\/pages\/5356","targetHints":{"allow":["GET"]}}],"collection":[{"href":"https:\/\/ekesto.com\/de\/wp-json\/wp\/v2\/pages"}],"about":[{"href":"https:\/\/ekesto.com\/de\/wp-json\/wp\/v2\/types\/page"}],"author":[{"embeddable":true,"href":"https:\/\/ekesto.com\/de\/wp-json\/wp\/v2\/users\/1"}],"replies":[{"embeddable":true,"href":"https:\/\/ekesto.com\/de\/wp-json\/wp\/v2\/comments?post=5356"}],"version-history":[{"count":0,"href":"https:\/\/ekesto.com\/de\/wp-json\/wp\/v2\/pages\/5356\/revisions"}],"wp:featuredmedia":[{"embeddable":true,"href":"https:\/\/ekesto.com\/de\/wp-json\/wp\/v2\/media\/5263"}],"wp:attachment":[{"href":"https:\/\/ekesto.com\/de\/wp-json\/wp\/v2\/media?parent=5356"}],"curies":[{"name":"wp","href":"https:\/\/api.w.org\/{rel}","templated":true}]}}