{"id":5354,"date":"2023-12-19T21:54:33","date_gmt":"2023-12-19T20:54:33","guid":{"rendered":"https:\/\/ekesto-2025.local\/ueber\/"},"modified":"2026-04-16T18:15:52","modified_gmt":"2026-04-16T16:15:52","slug":"ueber-mich","status":"publish","type":"page","link":"https:\/\/ekesto.com\/de\/ueber-mich\/","title":{"rendered":"\u00dcber Mich"},"content":{"rendered":"\n<div data-anim-children=\"animation-observer anim-m-40 anim-d-100 anim-slide-up\" class=\"wp-block-group alignfull site-title-container has-passive-background-color has-background has-global-padding is-layout-constrained wp-block-group-is-layout-constrained header-background\" style=\"margin-top:0\">\n<figure class=\"wp-block-image aligncenter size-full is-resized\"><img decoding=\"async\" src=\"https:\/\/ekesto.com\/wp-content\/uploads\/2023\/12\/ekesto-logo-black-v1.1-web.svg\" alt=\"\" class=\"wp-image-3198\" style=\"width:250px\"\/><\/figure>\n\n\n\n<p class=\"has-text-align-center has-large-font-size\" style=\"margin-top:var(--wp--preset--spacing--x-small)\">&#8222;Etwas beginnt zu sein \/ zu existieren&#8220; (auf <a href=\"https:\/\/en.wikipedia.org\/wiki\/Esperanto\" target=\"_blank\" rel=\"noreferrer noopener\">Esperanto<\/a>)<\/p>\n<\/div>\n\n<div class=\"wp-block-group has-global-padding is-layout-constrained wp-block-group-is-layout-constrained\" style=\"margin-bottom:var(--wp--preset--spacing--large)\">\n<h1 class=\"wp-block-heading has-text-align-center\">Ciao, ich bin Beat Schenkel<\/h1>\n\n\n\n<div class=\"wp-block-group has-global-padding is-layout-constrained wp-block-group-is-layout-constrained\" style=\"margin-top:var(--wp--preset--spacing--large);margin-bottom:var(--wp--preset--spacing--large)\">\n<figure class=\"wp-block-image aligncenter size-medium is-resized is-style-rounded\"><img loading=\"lazy\" decoding=\"async\" width=\"800\" height=\"800\" src=\"https:\/\/ekesto.com\/wp-content\/uploads\/2023\/11\/beat-schenkel-live-800x800.jpg\" alt=\"\" class=\"wp-image-6036\" style=\"width:200px\"\/><\/figure>\n<\/div>\n\n\n\n<h3 class=\"wp-block-heading\">Meine vielf\u00e4ltigen Interessen haben mich zu einem selbst\u00e4ndigen Allrounder gemacht.<\/h3>\n\n\n\n<p>Mit Wurzeln am (und <em>im<\/em>) Z\u00fcrichsee, lebe ich heute in der N\u00e4he von Bern &#8211; und biete meine vielf\u00e4ltigen F\u00e4higkeiten schweizweit an.<\/p>\n\n\n\n<h2 class=\"wp-block-heading\">Hier sind meine Angebote<\/h2>\n<\/div>\n\n<div class=\"wp-block-group alignwide has-global-padding is-layout-constrained wp-block-group-is-layout-constrained\" style=\"margin-top:0;margin-bottom:0\">\n<div class=\"wp-block-columns alignwide col-3-container is-layout-flex wp-container-core-columns-is-layout-28f84493 wp-block-columns-is-layout-flex\">\n<div data-anim-children=\"animation-observer anim-slide-up anim-d-40 anim-m-40\" class=\"wp-block-column is-layout-flow wp-container-core-column-is-layout-0a386c5a wp-block-column-is-layout-flow\">\n<figure class=\"wp-block-image size-medium hover-effect-enabled\"><a href=\"https:\/\/ekesto.com\/de\/ueber-mich\/web-entwickler-hintergrund\/\"><img loading=\"lazy\" decoding=\"async\" width=\"800\" height=\"532\" src=\"https:\/\/ekesto.com\/wp-content\/uploads\/2022\/09\/glenn-carstens-peters-npxXWgQ33ZQ-unsplash-800x532.jpg\" alt=\"Zwei H&#xE4;nde, die auf einem Laptop tippen\" class=\"wp-image-1782\" srcset=\"https:\/\/ekesto.com\/wp-content\/uploads\/2022\/09\/glenn-carstens-peters-npxXWgQ33ZQ-unsplash-800x532.jpg 800w, https:\/\/ekesto.com\/wp-content\/uploads\/2022\/09\/glenn-carstens-peters-npxXWgQ33ZQ-unsplash-768x511.jpg 768w, https:\/\/ekesto.com\/wp-content\/uploads\/2022\/09\/glenn-carstens-peters-npxXWgQ33ZQ-unsplash-1024x681.jpg 1024w, https:\/\/ekesto.com\/wp-content\/uploads\/2022\/09\/glenn-carstens-peters-npxXWgQ33ZQ-unsplash-750x500.jpg 750w, https:\/\/ekesto.com\/wp-content\/uploads\/2022\/09\/glenn-carstens-peters-npxXWgQ33ZQ-unsplash-300x200.jpg 300w, https:\/\/ekesto.com\/wp-content\/uploads\/2022\/09\/glenn-carstens-peters-npxXWgQ33ZQ-unsplash-75x50.jpg 75w, https:\/\/ekesto.com\/wp-content\/uploads\/2022\/09\/glenn-carstens-peters-npxXWgQ33ZQ-unsplash.jpg 1200w\" sizes=\"auto, (max-width: 800px) 100vw, 800px\" \/><\/a><\/figure>\n\n\n\n<h3 class=\"wp-block-heading\">Web-Entwickler<\/h3>\n\n\n\n<p style=\"margin-top:var(--wp--preset--spacing--xx-small);margin-bottom:0\">Seit 2004 sowohl als Angestellter als auch als Selbst\u00e4ndiger im Website-Sektor t\u00e4tig, habe ich ein breites Spektrum an <a href=\"https:\/\/ekesto.com\/de\/ueber-mich\/web-entwickler-hintergrund\/\">Berufserfahrung<\/a> gesammelt.<\/p>\n\n\n\n<div class=\"wp-block-buttons is-layout-flex wp-block-buttons-is-layout-flex\">\n<div class=\"wp-block-button is-style-outline is-style-outline--2\"><a class=\"wp-block-button__link wp-element-button\" href=\"https:\/\/ekesto.com\/de\/ueber-mich\/web-entwickler-hintergrund\/\">Mehr Details<\/a><\/div>\n<\/div>\n<\/div>\n\n\n\n<div data-anim-children=\"animation-observer anim-slide-up anim-d-40 anim-m-40\" class=\"wp-block-column is-layout-flow wp-container-core-column-is-layout-0a386c5a wp-block-column-is-layout-flow\">\n<figure class=\"wp-block-image size-large hover-effect-enabled\"><a href=\"https:\/\/beatmusic.ch\/\" target=\"_blank\" rel=\" noreferrer noopener\"><img loading=\"lazy\" decoding=\"async\" width=\"1024\" height=\"653\" src=\"https:\/\/ekesto.com\/wp-content\/uploads\/2021\/03\/ekesto-music-circle-1-1024x653.jpeg\" alt=\"Gitarrenhals mit der linken Hand einen Akkord greifend\" class=\"wp-image-925\" style=\"aspect-ratio:3\/2;object-fit:cover\" srcset=\"https:\/\/ekesto.com\/wp-content\/uploads\/2021\/03\/ekesto-music-circle-1-1024x653.jpeg 1024w, https:\/\/ekesto.com\/wp-content\/uploads\/2021\/03\/ekesto-music-circle-1-300x191.jpeg 300w, https:\/\/ekesto.com\/wp-content\/uploads\/2021\/03\/ekesto-music-circle-1-768x490.jpeg 768w, https:\/\/ekesto.com\/wp-content\/uploads\/2021\/03\/ekesto-music-circle-1-1536x980.jpeg 1536w, https:\/\/ekesto.com\/wp-content\/uploads\/2021\/03\/ekesto-music-circle-1-750x478.jpeg 750w, https:\/\/ekesto.com\/wp-content\/uploads\/2021\/03\/ekesto-music-circle-1.jpeg 2048w\" sizes=\"auto, (max-width: 1024px) 100vw, 1024px\" \/><\/a><\/figure>\n\n\n\n<h3 class=\"wp-block-heading\">Musiker<\/h3>\n\n\n\n<p style=\"margin-top:var(--wp--preset--spacing--xx-small);margin-bottom:0\">Die \u00e4lteste Leidenschaft, die ich verk\u00f6rpere, ist <a href=\"https:\/\/beatmusic.ch\/\" target=\"_blank\" rel=\"noreferrer noopener\">meine Verbindung zur Musik<\/a> und wie n\u00e4hrend und magisch verbindend Musik sein kann.<\/p>\n\n\n\n<div class=\"wp-block-buttons is-layout-flex wp-block-buttons-is-layout-flex\">\n<div class=\"wp-block-button is-style-outline is-style-outline--3\"><a class=\"wp-block-button__link wp-element-button\" href=\"https:\/\/beatmusic.ch\/\" target=\"_blank\" rel=\"noreferrer noopener\">Besuche beatmusic.ch<\/a><\/div>\n<\/div>\n<\/div>\n\n\n\n<div data-anim-children=\"animation-observer anim-slide-up anim-d-40 anim-m-40\" class=\"wp-block-column is-layout-flow wp-container-core-column-is-layout-0a386c5a wp-block-column-is-layout-flow\">\n<figure class=\"wp-block-image size-medium hover-effect-enabled\"><a href=\"https:\/\/ekesto.com\/de\/veganer-koch\/veganen-koch-buchen\/\"><img loading=\"lazy\" decoding=\"async\" width=\"800\" height=\"600\" src=\"https:\/\/ekesto.com\/wp-content\/uploads\/2022\/04\/ekesto-vegan-cook-yoga-retreat-buffet-800x600.jpg\" alt=\"Veganes Buffet bei einem Yoga-Retreat\" class=\"wp-image-1482\" style=\"aspect-ratio:3\/2;object-fit:cover\" srcset=\"https:\/\/ekesto.com\/wp-content\/uploads\/2022\/04\/ekesto-vegan-cook-yoga-retreat-buffet-800x600.jpg 800w, https:\/\/ekesto.com\/wp-content\/uploads\/2022\/04\/ekesto-vegan-cook-yoga-retreat-buffet-768x576.jpg 768w, https:\/\/ekesto.com\/wp-content\/uploads\/2022\/04\/ekesto-vegan-cook-yoga-retreat-buffet-1024x768.jpg 1024w, https:\/\/ekesto.com\/wp-content\/uploads\/2022\/04\/ekesto-vegan-cook-yoga-retreat-buffet-750x563.jpg 750w, https:\/\/ekesto.com\/wp-content\/uploads\/2022\/04\/ekesto-vegan-cook-yoga-retreat-buffet-500x375.jpg 500w, https:\/\/ekesto.com\/wp-content\/uploads\/2022\/04\/ekesto-vegan-cook-yoga-retreat-buffet-300x225.jpg 300w, https:\/\/ekesto.com\/wp-content\/uploads\/2022\/04\/ekesto-vegan-cook-yoga-retreat-buffet.jpg 1200w\" sizes=\"auto, (max-width: 800px) 100vw, 800px\" \/><\/a><\/figure>\n\n\n\n<h2 class=\"wp-block-heading\">Veganer Koch<\/h2>\n\n\n\n<p style=\"margin-top:var(--wp--preset--spacing--xx-small);margin-bottom:0\">Da ich mich ausschliesslich von Pflanzen ern\u00e4hre, habe ich ganz nat\u00fcrlich begonnen, <a href=\"https:\/\/ekesto.com\/de\/veganer-koch\/veganen-koch-buchen\/\">meine veganen Kochk\u00fcnste f\u00fcr Retreats, Kurse und Veranstaltungen anzubieten<\/a>.<\/p>\n\n\n\n<div class=\"wp-block-buttons is-layout-flex wp-block-buttons-is-layout-flex\">\n<div class=\"wp-block-button is-style-outline is-style-outline--4\"><a class=\"wp-block-button__link wp-element-button\" href=\"https:\/\/ekesto.com\/de\/veganer-koch\/veganen-koch-buchen\/\">Mehr Details<\/a><\/div>\n<\/div>\n<\/div>\n<\/div>\n<\/div>\n","protected":false},"excerpt":{"rendered":"<p>&#8222;Etwas beginnt zu sein \/ zu existieren&#8220; (auf Esperanto) Ciao, ich bin Beat Schenkel Meine vielf\u00e4ltigen Interessen haben mich zu einem selbst\u00e4ndigen Allrounder gemacht. Mit Wurzeln am (und im) Z\u00fcrichsee, lebe ich heute in der N\u00e4he von Bern &#8211; und biete meine vielf\u00e4ltigen F\u00e4higkeiten schweizweit an. Hier sind meine Angebote Web-Entwickler Seit 2004 sowohl als [&hellip;]<\/p>\n","protected":false},"author":1,"featured_media":0,"parent":0,"menu_order":0,"comment_status":"closed","ping_status":"closed","template":"","meta":{"_acf_changed":false,"footnotes":""},"class_list":["post-5354","page","type-page","status-publish","hentry"],"acf":[],"yoast_head":"<!-- This site is optimized with the Yoast SEO plugin v27.4 - https:\/\/yoast.com\/product\/yoast-seo-wordpress\/ -->\n<title>\u00dcber Mich &#8226; ekesto<\/title>\n<meta name=\"description\" content=\"Beat Schenkel - Webentwickler, Musiker und veganer Koch aus der N\u00e4he von Bern. Vielf\u00e4ltige F\u00e4higkeiten und Leidenschaften, die Schweiz-weit offeriert werden.\" \/>\n<meta name=\"robots\" content=\"index, follow, max-snippet:-1, max-image-preview:large, max-video-preview:-1\" \/>\n<link rel=\"canonical\" href=\"https:\/\/ekesto.com\/de\/ueber-mich\/\" \/>\n<meta property=\"og:locale\" content=\"de_DE\" \/>\n<meta property=\"og:type\" content=\"article\" \/>\n<meta property=\"og:title\" content=\"\u00dcber Mich &#8226; ekesto\" \/>\n<meta property=\"og:description\" content=\"Beat Schenkel - Webentwickler, Musiker und veganer Koch aus der N\u00e4he von Bern. Vielf\u00e4ltige F\u00e4higkeiten und Leidenschaften, die Schweiz-weit offeriert werden.\" \/>\n<meta property=\"og:url\" content=\"https:\/\/ekesto.com\/de\/ueber-mich\/\" \/>\n<meta property=\"og:site_name\" content=\"ekesto\" \/>\n<meta property=\"article:modified_time\" content=\"2026-04-16T16:15:52+00:00\" \/>\n<meta property=\"og:image\" content=\"https:\/\/ekesto.com\/wp-content\/uploads\/2022\/09\/glenn-carstens-peters-npxXWgQ33ZQ-unsplash.jpg\" \/>\n\t<meta property=\"og:image:width\" content=\"1200\" \/>\n\t<meta property=\"og:image:height\" content=\"798\" \/>\n\t<meta property=\"og:image:type\" content=\"image\/jpeg\" \/>\n<meta name=\"twitter:card\" content=\"summary_large_image\" \/>\n<meta name=\"twitter:label1\" content=\"Gesch\u00e4tzte Lesezeit\" \/>\n\t<meta name=\"twitter:data1\" content=\"1\u00a0Minute\" \/>\n<script type=\"application\/ld+json\" class=\"yoast-schema-graph\">{\"@context\":\"https:\\\/\\\/schema.org\",\"@graph\":[{\"@type\":\"WebPage\",\"@id\":\"https:\\\/\\\/ekesto.com\\\/de\\\/ueber-mich\\\/\",\"url\":\"https:\\\/\\\/ekesto.com\\\/de\\\/ueber-mich\\\/\",\"name\":\"\u00dcber Mich &#8226; ekesto\",\"isPartOf\":{\"@id\":\"https:\\\/\\\/ekesto.com\\\/de\\\/#website\"},\"primaryImageOfPage\":{\"@id\":\"https:\\\/\\\/ekesto.com\\\/de\\\/ueber-mich\\\/#primaryimage\"},\"image\":{\"@id\":\"https:\\\/\\\/ekesto.com\\\/de\\\/ueber-mich\\\/#primaryimage\"},\"thumbnailUrl\":\"https:\\\/\\\/ekesto.com\\\/wp-content\\\/uploads\\\/2023\\\/12\\\/ekesto-logo-black-v1.1-web.svg\",\"datePublished\":\"2023-12-19T20:54:33+00:00\",\"dateModified\":\"2026-04-16T16:15:52+00:00\",\"description\":\"Beat Schenkel - Webentwickler, Musiker und veganer Koch aus der N\u00e4he von Bern. Vielf\u00e4ltige F\u00e4higkeiten und Leidenschaften, die Schweiz-weit offeriert werden.\",\"breadcrumb\":{\"@id\":\"https:\\\/\\\/ekesto.com\\\/de\\\/ueber-mich\\\/#breadcrumb\"},\"inLanguage\":\"de\",\"potentialAction\":[{\"@type\":\"ReadAction\",\"target\":[\"https:\\\/\\\/ekesto.com\\\/de\\\/ueber-mich\\\/\"]}]},{\"@type\":\"ImageObject\",\"inLanguage\":\"de\",\"@id\":\"https:\\\/\\\/ekesto.com\\\/de\\\/ueber-mich\\\/#primaryimage\",\"url\":\"https:\\\/\\\/ekesto.com\\\/wp-content\\\/uploads\\\/2023\\\/12\\\/ekesto-logo-black-v1.1-web.svg\",\"contentUrl\":\"https:\\\/\\\/ekesto.com\\\/wp-content\\\/uploads\\\/2023\\\/12\\\/ekesto-logo-black-v1.1-web.svg\"},{\"@type\":\"BreadcrumbList\",\"@id\":\"https:\\\/\\\/ekesto.com\\\/de\\\/ueber-mich\\\/#breadcrumb\",\"itemListElement\":[{\"@type\":\"ListItem\",\"position\":1,\"name\":\"Home\",\"item\":\"https:\\\/\\\/ekesto.com\\\/de\\\/\"},{\"@type\":\"ListItem\",\"position\":2,\"name\":\"\u00dcber Mich\"}]},{\"@type\":\"WebSite\",\"@id\":\"https:\\\/\\\/ekesto.com\\\/de\\\/#website\",\"url\":\"https:\\\/\\\/ekesto.com\\\/de\\\/\",\"name\":\"ekesto\",\"description\":\"Website Support and Development\",\"publisher\":{\"@id\":\"https:\\\/\\\/ekesto.com\\\/de\\\/#organization\"},\"potentialAction\":[{\"@type\":\"SearchAction\",\"target\":{\"@type\":\"EntryPoint\",\"urlTemplate\":\"https:\\\/\\\/ekesto.com\\\/de\\\/?s={search_term_string}\"},\"query-input\":{\"@type\":\"PropertyValueSpecification\",\"valueRequired\":true,\"valueName\":\"search_term_string\"}}],\"inLanguage\":\"de\"},{\"@type\":\"Organization\",\"@id\":\"https:\\\/\\\/ekesto.com\\\/de\\\/#organization\",\"name\":\"ekesto\",\"url\":\"https:\\\/\\\/ekesto.com\\\/de\\\/\",\"logo\":{\"@type\":\"ImageObject\",\"inLanguage\":\"de\",\"@id\":\"https:\\\/\\\/ekesto.com\\\/de\\\/#\\\/schema\\\/logo\\\/image\\\/\",\"url\":\"https:\\\/\\\/ekesto.com\\\/wp-content\\\/uploads\\\/2023\\\/12\\\/ekesto-logo-black-v1.1-web.svg\",\"contentUrl\":\"https:\\\/\\\/ekesto.com\\\/wp-content\\\/uploads\\\/2023\\\/12\\\/ekesto-logo-black-v1.1-web.svg\",\"caption\":\"ekesto\"},\"image\":{\"@id\":\"https:\\\/\\\/ekesto.com\\\/de\\\/#\\\/schema\\\/logo\\\/image\\\/\"}}]}<\/script>\n<!-- \/ Yoast SEO plugin. -->","yoast_head_json":{"title":"\u00dcber Mich &#8226; ekesto","description":"Beat Schenkel - Webentwickler, Musiker und veganer Koch aus der N\u00e4he von Bern. Vielf\u00e4ltige F\u00e4higkeiten und Leidenschaften, die Schweiz-weit offeriert werden.","robots":{"index":"index","follow":"follow","max-snippet":"max-snippet:-1","max-image-preview":"max-image-preview:large","max-video-preview":"max-video-preview:-1"},"canonical":"https:\/\/ekesto.com\/de\/ueber-mich\/","og_locale":"de_DE","og_type":"article","og_title":"\u00dcber Mich &#8226; ekesto","og_description":"Beat Schenkel - Webentwickler, Musiker und veganer Koch aus der N\u00e4he von Bern. Vielf\u00e4ltige F\u00e4higkeiten und Leidenschaften, die Schweiz-weit offeriert werden.","og_url":"https:\/\/ekesto.com\/de\/ueber-mich\/","og_site_name":"ekesto","article_modified_time":"2026-04-16T16:15:52+00:00","og_image":[{"width":1200,"height":798,"url":"https:\/\/ekesto.com\/wp-content\/uploads\/2022\/09\/glenn-carstens-peters-npxXWgQ33ZQ-unsplash.jpg","type":"image\/jpeg"}],"twitter_card":"summary_large_image","twitter_misc":{"Gesch\u00e4tzte Lesezeit":"1\u00a0Minute"},"schema":{"@context":"https:\/\/schema.org","@graph":[{"@type":"WebPage","@id":"https:\/\/ekesto.com\/de\/ueber-mich\/","url":"https:\/\/ekesto.com\/de\/ueber-mich\/","name":"\u00dcber Mich &#8226; ekesto","isPartOf":{"@id":"https:\/\/ekesto.com\/de\/#website"},"primaryImageOfPage":{"@id":"https:\/\/ekesto.com\/de\/ueber-mich\/#primaryimage"},"image":{"@id":"https:\/\/ekesto.com\/de\/ueber-mich\/#primaryimage"},"thumbnailUrl":"https:\/\/ekesto.com\/wp-content\/uploads\/2023\/12\/ekesto-logo-black-v1.1-web.svg","datePublished":"2023-12-19T20:54:33+00:00","dateModified":"2026-04-16T16:15:52+00:00","description":"Beat Schenkel - Webentwickler, Musiker und veganer Koch aus der N\u00e4he von Bern. Vielf\u00e4ltige F\u00e4higkeiten und Leidenschaften, die Schweiz-weit offeriert werden.","breadcrumb":{"@id":"https:\/\/ekesto.com\/de\/ueber-mich\/#breadcrumb"},"inLanguage":"de","potentialAction":[{"@type":"ReadAction","target":["https:\/\/ekesto.com\/de\/ueber-mich\/"]}]},{"@type":"ImageObject","inLanguage":"de","@id":"https:\/\/ekesto.com\/de\/ueber-mich\/#primaryimage","url":"https:\/\/ekesto.com\/wp-content\/uploads\/2023\/12\/ekesto-logo-black-v1.1-web.svg","contentUrl":"https:\/\/ekesto.com\/wp-content\/uploads\/2023\/12\/ekesto-logo-black-v1.1-web.svg"},{"@type":"BreadcrumbList","@id":"https:\/\/ekesto.com\/de\/ueber-mich\/#breadcrumb","itemListElement":[{"@type":"ListItem","position":1,"name":"Home","item":"https:\/\/ekesto.com\/de\/"},{"@type":"ListItem","position":2,"name":"\u00dcber Mich"}]},{"@type":"WebSite","@id":"https:\/\/ekesto.com\/de\/#website","url":"https:\/\/ekesto.com\/de\/","name":"ekesto","description":"Website Support and Development","publisher":{"@id":"https:\/\/ekesto.com\/de\/#organization"},"potentialAction":[{"@type":"SearchAction","target":{"@type":"EntryPoint","urlTemplate":"https:\/\/ekesto.com\/de\/?s={search_term_string}"},"query-input":{"@type":"PropertyValueSpecification","valueRequired":true,"valueName":"search_term_string"}}],"inLanguage":"de"},{"@type":"Organization","@id":"https:\/\/ekesto.com\/de\/#organization","name":"ekesto","url":"https:\/\/ekesto.com\/de\/","logo":{"@type":"ImageObject","inLanguage":"de","@id":"https:\/\/ekesto.com\/de\/#\/schema\/logo\/image\/","url":"https:\/\/ekesto.com\/wp-content\/uploads\/2023\/12\/ekesto-logo-black-v1.1-web.svg","contentUrl":"https:\/\/ekesto.com\/wp-content\/uploads\/2023\/12\/ekesto-logo-black-v1.1-web.svg","caption":"ekesto"},"image":{"@id":"https:\/\/ekesto.com\/de\/#\/schema\/logo\/image\/"}}]}},"_links":{"self":[{"href":"https:\/\/ekesto.com\/de\/wp-json\/wp\/v2\/pages\/5354","targetHints":{"allow":["GET"]}}],"collection":[{"href":"https:\/\/ekesto.com\/de\/wp-json\/wp\/v2\/pages"}],"about":[{"href":"https:\/\/ekesto.com\/de\/wp-json\/wp\/v2\/types\/page"}],"author":[{"embeddable":true,"href":"https:\/\/ekesto.com\/de\/wp-json\/wp\/v2\/users\/1"}],"replies":[{"embeddable":true,"href":"https:\/\/ekesto.com\/de\/wp-json\/wp\/v2\/comments?post=5354"}],"version-history":[{"count":1,"href":"https:\/\/ekesto.com\/de\/wp-json\/wp\/v2\/pages\/5354\/revisions"}],"predecessor-version":[{"id":6111,"href":"https:\/\/ekesto.com\/de\/wp-json\/wp\/v2\/pages\/5354\/revisions\/6111"}],"wp:attachment":[{"href":"https:\/\/ekesto.com\/de\/wp-json\/wp\/v2\/media?parent=5354"}],"curies":[{"name":"wp","href":"https:\/\/api.w.org\/{rel}","templated":true}]}}