{"id":5349,"date":"2023-12-15T00:08:37","date_gmt":"2023-12-14T23:08:37","guid":{"rendered":"https:\/\/ekesto-2025.local\/bedingungen\/"},"modified":"2025-03-03T14:13:48","modified_gmt":"2025-03-03T13:13:48","slug":"konditionen","status":"publish","type":"page","link":"https:\/\/ekesto.com\/de\/konditionen\/","title":{"rendered":"Konditionen"},"content":{"rendered":"\n<div data-anim-children=\"animation-observer anim-m-40 anim-d-100 anim-slide-up\" class=\"wp-block-group alignfull site-title-container has-passive-background-color has-background is-layout-flow wp-block-group-is-layout-flow header-background\">\n<h1 class=\"wp-block-heading has-text-align-center\">Lassen Sie uns \u00fcber Energie sprechen<\/h1>\n\n\n\n<p class=\"has-text-align-center has-large-font-size\">Gleitende Skalen und Skill-Exchange erforschen.<\/p>\n<\/div>\n\n<p>Alles, was wir tun, erfordert Zeit und Energie. Und diese Zeit und Energie sind wertvoll.<\/p>\n\n<h3 class=\"wp-block-heading\">Gleitende Skala<\/h3>\n\n<p>Ich biete eine gleitende Skala f\u00fcr meinen Stundensatz an, je nach Projekt und den erforderlichen F\u00e4higkeiten. Das bedeutet, dass ich Ihnen eine Preisspanne vorschlage und <em>Sie<\/em> entscheiden, was f\u00fcr Sie auf der Grundlage Ihres Budgets und Ihrer finanziellen M\u00f6glichkeiten in Frage kommt.<\/p>\n\n<h3 class=\"wp-block-heading\">Skill-Exchange<\/h3>\n\n<p>Haben Sie eine F\u00e4higkeit oder eine Dienstleistung anzubieten? Lassen Sie uns einen Austausch erkunden! Manchmal ist es eine perfekte Kombination: Ich bringe meine Zeit und meine F\u00e4higkeiten in Ihr Projekt ein, und Sie tun dasselbe f\u00fcr mich.  <\/p>\n\n<p>So einfach ist das &#8211; ein Energiespiel, das auf gegenseitiger Unterst\u00fctzung beruht.<\/p>\n\n<p>Wir k\u00f6nnen diese Ans\u00e4tze auch kombinieren, um eine L\u00f6sung zu finden, die f\u00fcr uns beide am besten funktioniert.<\/p>\n\n<div class=\"wp-block-group custom-cta-group is-style-custom-cta has-passive-background-color has-background has-global-padding is-content-justification-center is-layout-constrained wp-container-core-group-is-layout-03ce6e97 wp-block-group-is-layout-constrained\" style=\"border-bottom-color:var(--wp--preset--color--passive-dark);border-bottom-width:2px;padding-top:var(--wp--preset--spacing--large);padding-right:var(--wp--preset--spacing--large);padding-bottom:var(--wp--preset--spacing--large);padding-left:var(--wp--preset--spacing--large)\">\n<h3 class=\"wp-block-heading has-text-align-center\">Geld sollte kein Hindernis sein<\/h3>\n\n\n\n<p class=\"has-text-align-center\">Lassen Sie uns zusammenkommen und herausfinden, wo unsere Bed\u00fcrfnisse und Ressourcen \u00fcbereinstimmen.<\/p>\n\n\n\n<div class=\"wp-block-buttons is-content-justification-center is-layout-flex wp-container-core-buttons-is-layout-a89b3969 wp-block-buttons-is-layout-flex\">\n<div class=\"wp-block-button\"><a class=\"wp-block-button__link wp-element-button\" href=\"https:\/\/ekesto.com\/de\/kontakt\/\">Kontakt<\/a><\/div>\n<\/div>\n<\/div>\n","protected":false},"excerpt":{"rendered":"<p>Lassen Sie uns \u00fcber Energie sprechen Gleitende Skalen und Skill-Exchange erforschen. Alles, was wir tun, erfordert Zeit und Energie. Und diese Zeit und Energie sind wertvoll. Gleitende Skala Ich biete eine gleitende Skala f\u00fcr meinen Stundensatz an, je nach Projekt und den erforderlichen F\u00e4higkeiten. Das bedeutet, dass ich Ihnen eine Preisspanne vorschlage und Sie entscheiden, [&hellip;]<\/p>\n","protected":false},"author":1,"featured_media":0,"parent":0,"menu_order":0,"comment_status":"closed","ping_status":"closed","template":"","meta":{"_acf_changed":false,"footnotes":""},"class_list":["post-5349","page","type-page","status-publish","hentry"],"acf":[],"yoast_head":"<!-- This site is optimized with the Yoast SEO plugin v27.4 - https:\/\/yoast.com\/product\/yoast-seo-wordpress\/ -->\n<title>Konditionen &#8226; ekesto<\/title>\n<meta name=\"description\" content=\"Flexible WordPress-L\u00f6sungen mit gleitenden Tarifen und Optionen zum Austausch von F\u00e4higkeiten. Lassen Sie uns zusammenarbeiten und gemeinsam etwas Grossartiges schaffen!\" \/>\n<meta name=\"robots\" content=\"index, follow, max-snippet:-1, max-image-preview:large, max-video-preview:-1\" \/>\n<link rel=\"canonical\" href=\"https:\/\/ekesto.com\/de\/konditionen\/\" \/>\n<meta property=\"og:locale\" content=\"de_DE\" \/>\n<meta property=\"og:type\" content=\"article\" \/>\n<meta property=\"og:title\" content=\"Konditionen &#8226; ekesto\" \/>\n<meta property=\"og:description\" content=\"Flexible WordPress-L\u00f6sungen mit gleitenden Tarifen und Optionen zum Austausch von F\u00e4higkeiten. Lassen Sie uns zusammenarbeiten und gemeinsam etwas Grossartiges schaffen!\" \/>\n<meta property=\"og:url\" content=\"https:\/\/ekesto.com\/de\/konditionen\/\" \/>\n<meta property=\"og:site_name\" content=\"ekesto\" \/>\n<meta property=\"article:modified_time\" content=\"2025-03-03T13:13:48+00:00\" \/>\n<meta property=\"og:image\" content=\"https:\/\/ekesto.com\/wp-content\/uploads\/2022\/09\/glenn-carstens-peters-npxXWgQ33ZQ-unsplash.jpg\" \/>\n\t<meta property=\"og:image:width\" content=\"1200\" \/>\n\t<meta property=\"og:image:height\" content=\"798\" \/>\n\t<meta property=\"og:image:type\" content=\"image\/jpeg\" \/>\n<meta name=\"twitter:card\" content=\"summary_large_image\" \/>\n<meta name=\"twitter:label1\" content=\"Gesch\u00e4tzte Lesezeit\" \/>\n\t<meta name=\"twitter:data1\" content=\"1\u00a0Minute\" \/>\n<script type=\"application\/ld+json\" class=\"yoast-schema-graph\">{\"@context\":\"https:\\\/\\\/schema.org\",\"@graph\":[{\"@type\":\"WebPage\",\"@id\":\"https:\\\/\\\/ekesto.com\\\/de\\\/konditionen\\\/\",\"url\":\"https:\\\/\\\/ekesto.com\\\/de\\\/konditionen\\\/\",\"name\":\"Konditionen &#8226; ekesto\",\"isPartOf\":{\"@id\":\"https:\\\/\\\/ekesto.com\\\/de\\\/#website\"},\"datePublished\":\"2023-12-14T23:08:37+00:00\",\"dateModified\":\"2025-03-03T13:13:48+00:00\",\"description\":\"Flexible WordPress-L\u00f6sungen mit gleitenden Tarifen und Optionen zum Austausch von F\u00e4higkeiten. Lassen Sie uns zusammenarbeiten und gemeinsam etwas Grossartiges schaffen!\",\"breadcrumb\":{\"@id\":\"https:\\\/\\\/ekesto.com\\\/de\\\/konditionen\\\/#breadcrumb\"},\"inLanguage\":\"de\",\"potentialAction\":[{\"@type\":\"ReadAction\",\"target\":[\"https:\\\/\\\/ekesto.com\\\/de\\\/konditionen\\\/\"]}]},{\"@type\":\"BreadcrumbList\",\"@id\":\"https:\\\/\\\/ekesto.com\\\/de\\\/konditionen\\\/#breadcrumb\",\"itemListElement\":[{\"@type\":\"ListItem\",\"position\":1,\"name\":\"Home\",\"item\":\"https:\\\/\\\/ekesto.com\\\/de\\\/\"},{\"@type\":\"ListItem\",\"position\":2,\"name\":\"Konditionen\"}]},{\"@type\":\"WebSite\",\"@id\":\"https:\\\/\\\/ekesto.com\\\/de\\\/#website\",\"url\":\"https:\\\/\\\/ekesto.com\\\/de\\\/\",\"name\":\"ekesto\",\"description\":\"Website Support and Development\",\"publisher\":{\"@id\":\"https:\\\/\\\/ekesto.com\\\/de\\\/#organization\"},\"potentialAction\":[{\"@type\":\"SearchAction\",\"target\":{\"@type\":\"EntryPoint\",\"urlTemplate\":\"https:\\\/\\\/ekesto.com\\\/de\\\/?s={search_term_string}\"},\"query-input\":{\"@type\":\"PropertyValueSpecification\",\"valueRequired\":true,\"valueName\":\"search_term_string\"}}],\"inLanguage\":\"de\"},{\"@type\":\"Organization\",\"@id\":\"https:\\\/\\\/ekesto.com\\\/de\\\/#organization\",\"name\":\"ekesto\",\"url\":\"https:\\\/\\\/ekesto.com\\\/de\\\/\",\"logo\":{\"@type\":\"ImageObject\",\"inLanguage\":\"de\",\"@id\":\"https:\\\/\\\/ekesto.com\\\/de\\\/#\\\/schema\\\/logo\\\/image\\\/\",\"url\":\"https:\\\/\\\/ekesto.com\\\/wp-content\\\/uploads\\\/2023\\\/12\\\/ekesto-logo-black-v1.1-web.svg\",\"contentUrl\":\"https:\\\/\\\/ekesto.com\\\/wp-content\\\/uploads\\\/2023\\\/12\\\/ekesto-logo-black-v1.1-web.svg\",\"caption\":\"ekesto\"},\"image\":{\"@id\":\"https:\\\/\\\/ekesto.com\\\/de\\\/#\\\/schema\\\/logo\\\/image\\\/\"}}]}<\/script>\n<!-- \/ Yoast SEO plugin. -->","yoast_head_json":{"title":"Konditionen &#8226; ekesto","description":"Flexible WordPress-L\u00f6sungen mit gleitenden Tarifen und Optionen zum Austausch von F\u00e4higkeiten. Lassen Sie uns zusammenarbeiten und gemeinsam etwas Grossartiges schaffen!","robots":{"index":"index","follow":"follow","max-snippet":"max-snippet:-1","max-image-preview":"max-image-preview:large","max-video-preview":"max-video-preview:-1"},"canonical":"https:\/\/ekesto.com\/de\/konditionen\/","og_locale":"de_DE","og_type":"article","og_title":"Konditionen &#8226; ekesto","og_description":"Flexible WordPress-L\u00f6sungen mit gleitenden Tarifen und Optionen zum Austausch von F\u00e4higkeiten. Lassen Sie uns zusammenarbeiten und gemeinsam etwas Grossartiges schaffen!","og_url":"https:\/\/ekesto.com\/de\/konditionen\/","og_site_name":"ekesto","article_modified_time":"2025-03-03T13:13:48+00:00","og_image":[{"width":1200,"height":798,"url":"https:\/\/ekesto.com\/wp-content\/uploads\/2022\/09\/glenn-carstens-peters-npxXWgQ33ZQ-unsplash.jpg","type":"image\/jpeg"}],"twitter_card":"summary_large_image","twitter_misc":{"Gesch\u00e4tzte Lesezeit":"1\u00a0Minute"},"schema":{"@context":"https:\/\/schema.org","@graph":[{"@type":"WebPage","@id":"https:\/\/ekesto.com\/de\/konditionen\/","url":"https:\/\/ekesto.com\/de\/konditionen\/","name":"Konditionen &#8226; ekesto","isPartOf":{"@id":"https:\/\/ekesto.com\/de\/#website"},"datePublished":"2023-12-14T23:08:37+00:00","dateModified":"2025-03-03T13:13:48+00:00","description":"Flexible WordPress-L\u00f6sungen mit gleitenden Tarifen und Optionen zum Austausch von F\u00e4higkeiten. Lassen Sie uns zusammenarbeiten und gemeinsam etwas Grossartiges schaffen!","breadcrumb":{"@id":"https:\/\/ekesto.com\/de\/konditionen\/#breadcrumb"},"inLanguage":"de","potentialAction":[{"@type":"ReadAction","target":["https:\/\/ekesto.com\/de\/konditionen\/"]}]},{"@type":"BreadcrumbList","@id":"https:\/\/ekesto.com\/de\/konditionen\/#breadcrumb","itemListElement":[{"@type":"ListItem","position":1,"name":"Home","item":"https:\/\/ekesto.com\/de\/"},{"@type":"ListItem","position":2,"name":"Konditionen"}]},{"@type":"WebSite","@id":"https:\/\/ekesto.com\/de\/#website","url":"https:\/\/ekesto.com\/de\/","name":"ekesto","description":"Website Support and Development","publisher":{"@id":"https:\/\/ekesto.com\/de\/#organization"},"potentialAction":[{"@type":"SearchAction","target":{"@type":"EntryPoint","urlTemplate":"https:\/\/ekesto.com\/de\/?s={search_term_string}"},"query-input":{"@type":"PropertyValueSpecification","valueRequired":true,"valueName":"search_term_string"}}],"inLanguage":"de"},{"@type":"Organization","@id":"https:\/\/ekesto.com\/de\/#organization","name":"ekesto","url":"https:\/\/ekesto.com\/de\/","logo":{"@type":"ImageObject","inLanguage":"de","@id":"https:\/\/ekesto.com\/de\/#\/schema\/logo\/image\/","url":"https:\/\/ekesto.com\/wp-content\/uploads\/2023\/12\/ekesto-logo-black-v1.1-web.svg","contentUrl":"https:\/\/ekesto.com\/wp-content\/uploads\/2023\/12\/ekesto-logo-black-v1.1-web.svg","caption":"ekesto"},"image":{"@id":"https:\/\/ekesto.com\/de\/#\/schema\/logo\/image\/"}}]}},"_links":{"self":[{"href":"https:\/\/ekesto.com\/de\/wp-json\/wp\/v2\/pages\/5349","targetHints":{"allow":["GET"]}}],"collection":[{"href":"https:\/\/ekesto.com\/de\/wp-json\/wp\/v2\/pages"}],"about":[{"href":"https:\/\/ekesto.com\/de\/wp-json\/wp\/v2\/types\/page"}],"author":[{"embeddable":true,"href":"https:\/\/ekesto.com\/de\/wp-json\/wp\/v2\/users\/1"}],"replies":[{"embeddable":true,"href":"https:\/\/ekesto.com\/de\/wp-json\/wp\/v2\/comments?post=5349"}],"version-history":[{"count":0,"href":"https:\/\/ekesto.com\/de\/wp-json\/wp\/v2\/pages\/5349\/revisions"}],"wp:attachment":[{"href":"https:\/\/ekesto.com\/de\/wp-json\/wp\/v2\/media?parent=5349"}],"curies":[{"name":"wp","href":"https:\/\/api.w.org\/{rel}","templated":true}]}}