{"id":5347,"date":"2020-12-11T23:02:14","date_gmt":"2020-12-11T22:02:14","guid":{"rendered":"https:\/\/ekesto-2025.local\/aloha\/"},"modified":"2026-05-01T16:40:23","modified_gmt":"2026-05-01T14:40:23","slug":"aloha","status":"publish","type":"page","link":"https:\/\/ekesto.com\/de\/","title":{"rendered":"Aloha"},"content":{"rendered":"\n<div data-anim-children=\"animation-observer anim-m-40 anim-d-100 anim-slide-up\" class=\"wp-block-group alignfull site-title-container has-passive-background-color has-background is-layout-flow wp-block-group-is-layout-flow header-background\">\n<h1 class=\"wp-block-heading has-text-align-center\">WordPress-L\u00f6sungen und Website-Support<\/h1>\n\n\n\n<p class=\"has-text-align-center has-large-font-size\">Wie kann ich behilflich sein?<\/p>\n\n\n<\/div>\n\n<div class=\"wp-block-group custom-section has-global-padding is-layout-constrained wp-block-group-is-layout-constrained\">\n<p>Seit 2012 entwickle ich <a href=\"https:\/\/ekesto.com\/de\/wordpress-loesungen\/\" type=\"page\" id=\"1768\">WordPress-Websites<\/a> f\u00fcr Kunden, die etwas Ordentliches wollen \u2014 Block-Themes, massgeschneiderte Plugins, ACF-basierte Inhaltsstrukturen und saubere \u00dcbergaben, die Kunden bef\u00e4higen, ihren eigenen Content selbst\u00e4ndig zu verwalten.<\/p>\n\n\n\n<p>Ich unterst\u00fctze auch <a href=\"https:\/\/ekesto.com\/de\/unterstuetzung-fuer-bestehende-websites\/\" type=\"page\" id=\"4980\">bestehende Websites<\/a> \u2014 egal ob du nicht weiterkommst, mit dem was du hast unzufrieden bist, oder dein urspr\u00fcnglicher Entwickler nicht mehr verf\u00fcgbar ist.<\/p>\n\n\n\n<p>Wer einen Entwickler sucht, der Ideen exakt umsetzt \u2014 oder mit einer groben Vorstellung kommt und mir vertraut, daraus etwas Funktionierendes zu gestalten \u2014 ist herzlich willkommen.<\/p>\n\n\n\n<h2 class=\"wp-block-heading\">WP Cache Autopilot<\/h2>\n\n\n\n<p>Neben der Kundenarbeit entwickle und pflege ich <a href=\"https:\/\/wpcacheautopilot.com\/\">WP Cache Autopilot<\/a> \u2014 ein WordPress-Plugin-Bundle, das ich konzipiert habe, um ein Problem zu l\u00f6sen, das mir auf Produktions-Websites immer wieder begegnet ist: Cache-Invalidierung, die tats\u00e4chlich Inhaltsbeziehungen verfolgt. Zuzuschauen, wie es auf einer komplexen Website l\u00e4uft, ist eine echte Befriedigung. <\/p>\n\n\n\n<div class=\"wp-block-buttons is-layout-flex wp-block-buttons-is-layout-flex\">\n<div class=\"wp-block-button is-style-fill\"><a class=\"wp-block-button__link wp-element-button\" href=\"https:\/\/wpcacheautopilot.com\/\" target=\"_blank\" rel=\"noreferrer noopener\">Website besuchen<\/a><\/div>\n\n\n\n<div class=\"wp-block-button is-style-outline is-style-outline--2\"><a class=\"wp-block-button__link wp-element-button\" href=\"https:\/\/ekesto.com\/de\/artikel\/wordpress-cache-invalidierung-automatisieren-wp-cache-autopilot\/\">Artikel lesen<\/a><\/div>\n<\/div>\n<\/div>\n","protected":false},"excerpt":{"rendered":"<p>WordPress-L\u00f6sungen und Website-Support Wie kann ich behilflich sein? Seit 2012 entwickle ich WordPress-Websites f\u00fcr Kunden, die etwas Ordentliches wollen \u2014 Block-Themes, massgeschneiderte Plugins, ACF-basierte Inhaltsstrukturen und saubere \u00dcbergaben, die Kunden bef\u00e4higen, ihren eigenen Content selbst\u00e4ndig zu verwalten. Ich unterst\u00fctze auch bestehende Websites \u2014 egal ob du nicht weiterkommst, mit dem was du hast unzufrieden bist, [&hellip;]<\/p>\n","protected":false},"author":1,"featured_media":5263,"parent":0,"menu_order":0,"comment_status":"closed","ping_status":"closed","template":"","meta":{"_acf_changed":false,"footnotes":""},"class_list":["post-5347","page","type-page","status-publish","has-post-thumbnail","hentry"],"acf":[],"yoast_head":"<!-- This site is optimized with the Yoast SEO plugin v27.5 - https:\/\/yoast.com\/product\/yoast-seo-wordpress\/ -->\n<title>ekesto &#8226; Website Support and Development<\/title>\n<meta name=\"description\" content=\"Professionelle WordPress-L\u00f6sungen und Website-Support von Beat Schenkel. Zuverl\u00e4ssige Webentwicklungsdienste, die auf Ihre Bed\u00fcrfnisse zugeschnitten sind.\" \/>\n<meta name=\"robots\" content=\"index, follow, max-snippet:-1, max-image-preview:large, max-video-preview:-1\" \/>\n<link rel=\"canonical\" href=\"https:\/\/ekesto.com\/de\/\" \/>\n<meta property=\"og:locale\" content=\"de_DE\" \/>\n<meta property=\"og:type\" content=\"article\" \/>\n<meta property=\"og:title\" content=\"ekesto &#8226; Website Support and Development\" \/>\n<meta property=\"og:description\" content=\"Professionelle WordPress-L\u00f6sungen und Website-Support von Beat Schenkel. Zuverl\u00e4ssige Webentwicklungsdienste, die auf Ihre Bed\u00fcrfnisse zugeschnitten sind.\" \/>\n<meta property=\"og:url\" content=\"https:\/\/ekesto.com\/de\/\" \/>\n<meta property=\"og:site_name\" content=\"ekesto\" \/>\n<meta property=\"article:modified_time\" content=\"2026-05-01T14:40:23+00:00\" \/>\n<meta property=\"og:image\" content=\"https:\/\/ekesto.com\/wp-content\/uploads\/2022\/09\/glenn-carstens-peters-npxXWgQ33ZQ-unsplash.jpg\" \/>\n\t<meta property=\"og:image:width\" content=\"1200\" \/>\n\t<meta property=\"og:image:height\" content=\"798\" \/>\n\t<meta property=\"og:image:type\" content=\"image\/jpeg\" \/>\n<meta name=\"twitter:card\" content=\"summary_large_image\" \/>\n<meta name=\"twitter:label1\" content=\"Gesch\u00e4tzte Lesezeit\" \/>\n\t<meta name=\"twitter:data1\" content=\"1\u00a0Minute\" \/>\n<script type=\"application\/ld+json\" class=\"yoast-schema-graph\">{\"@context\":\"https:\\\/\\\/schema.org\",\"@graph\":[{\"@type\":\"WebPage\",\"@id\":\"https:\\\/\\\/ekesto.com\\\/de\\\/\",\"url\":\"https:\\\/\\\/ekesto.com\\\/de\\\/\",\"name\":\"ekesto &#8226; Website Support and Development\",\"isPartOf\":{\"@id\":\"https:\\\/\\\/ekesto.com\\\/de\\\/#website\"},\"primaryImageOfPage\":{\"@id\":\"https:\\\/\\\/ekesto.com\\\/de\\\/#primaryimage\"},\"image\":{\"@id\":\"https:\\\/\\\/ekesto.com\\\/de\\\/#primaryimage\"},\"thumbnailUrl\":\"https:\\\/\\\/ekesto.com\\\/wp-content\\\/uploads\\\/2022\\\/09\\\/glenn-carstens-peters-npxXWgQ33ZQ-unsplash.jpg\",\"datePublished\":\"2020-12-11T22:02:14+00:00\",\"dateModified\":\"2026-05-01T14:40:23+00:00\",\"description\":\"Professionelle WordPress-L\u00f6sungen und Website-Support von Beat Schenkel. Zuverl\u00e4ssige Webentwicklungsdienste, die auf Ihre Bed\u00fcrfnisse zugeschnitten sind.\",\"breadcrumb\":{\"@id\":\"https:\\\/\\\/ekesto.com\\\/de\\\/#breadcrumb\"},\"inLanguage\":\"de\",\"potentialAction\":[{\"@type\":\"ReadAction\",\"target\":[\"https:\\\/\\\/ekesto.com\\\/de\\\/\"]}]},{\"@type\":\"ImageObject\",\"inLanguage\":\"de\",\"@id\":\"https:\\\/\\\/ekesto.com\\\/de\\\/#primaryimage\",\"url\":\"https:\\\/\\\/ekesto.com\\\/wp-content\\\/uploads\\\/2022\\\/09\\\/glenn-carstens-peters-npxXWgQ33ZQ-unsplash.jpg\",\"contentUrl\":\"https:\\\/\\\/ekesto.com\\\/wp-content\\\/uploads\\\/2022\\\/09\\\/glenn-carstens-peters-npxXWgQ33ZQ-unsplash.jpg\",\"width\":1200,\"height\":798,\"caption\":\"ekesto website support\"},{\"@type\":\"BreadcrumbList\",\"@id\":\"https:\\\/\\\/ekesto.com\\\/de\\\/#breadcrumb\",\"itemListElement\":[{\"@type\":\"ListItem\",\"position\":1,\"name\":\"Home\",\"item\":\"https:\\\/\\\/ekesto.com\\\/de\\\/\"},{\"@type\":\"ListItem\",\"position\":2,\"name\":\"Aloha\"}]},{\"@type\":\"WebSite\",\"@id\":\"https:\\\/\\\/ekesto.com\\\/de\\\/#website\",\"url\":\"https:\\\/\\\/ekesto.com\\\/de\\\/\",\"name\":\"ekesto\",\"description\":\"Website Support and Development\",\"publisher\":{\"@id\":\"https:\\\/\\\/ekesto.com\\\/de\\\/#organization\"},\"potentialAction\":[{\"@type\":\"SearchAction\",\"target\":{\"@type\":\"EntryPoint\",\"urlTemplate\":\"https:\\\/\\\/ekesto.com\\\/de\\\/?s={search_term_string}\"},\"query-input\":{\"@type\":\"PropertyValueSpecification\",\"valueRequired\":true,\"valueName\":\"search_term_string\"}}],\"inLanguage\":\"de\"},{\"@type\":\"Organization\",\"@id\":\"https:\\\/\\\/ekesto.com\\\/de\\\/#organization\",\"name\":\"ekesto\",\"url\":\"https:\\\/\\\/ekesto.com\\\/de\\\/\",\"logo\":{\"@type\":\"ImageObject\",\"inLanguage\":\"de\",\"@id\":\"https:\\\/\\\/ekesto.com\\\/de\\\/#\\\/schema\\\/logo\\\/image\\\/\",\"url\":\"https:\\\/\\\/ekesto.com\\\/wp-content\\\/uploads\\\/2023\\\/12\\\/ekesto-logo-black-v1.1-web.svg\",\"contentUrl\":\"https:\\\/\\\/ekesto.com\\\/wp-content\\\/uploads\\\/2023\\\/12\\\/ekesto-logo-black-v1.1-web.svg\",\"caption\":\"ekesto\"},\"image\":{\"@id\":\"https:\\\/\\\/ekesto.com\\\/de\\\/#\\\/schema\\\/logo\\\/image\\\/\"}}]}<\/script>\n<!-- \/ Yoast SEO plugin. -->","yoast_head_json":{"title":"ekesto &#8226; Website Support and Development","description":"Professionelle WordPress-L\u00f6sungen und Website-Support von Beat Schenkel. Zuverl\u00e4ssige Webentwicklungsdienste, die auf Ihre Bed\u00fcrfnisse zugeschnitten sind.","robots":{"index":"index","follow":"follow","max-snippet":"max-snippet:-1","max-image-preview":"max-image-preview:large","max-video-preview":"max-video-preview:-1"},"canonical":"https:\/\/ekesto.com\/de\/","og_locale":"de_DE","og_type":"article","og_title":"ekesto &#8226; Website Support and Development","og_description":"Professionelle WordPress-L\u00f6sungen und Website-Support von Beat Schenkel. Zuverl\u00e4ssige Webentwicklungsdienste, die auf Ihre Bed\u00fcrfnisse zugeschnitten sind.","og_url":"https:\/\/ekesto.com\/de\/","og_site_name":"ekesto","article_modified_time":"2026-05-01T14:40:23+00:00","og_image":[{"width":1200,"height":798,"url":"https:\/\/ekesto.com\/wp-content\/uploads\/2022\/09\/glenn-carstens-peters-npxXWgQ33ZQ-unsplash.jpg","type":"image\/jpeg"}],"twitter_card":"summary_large_image","twitter_misc":{"Gesch\u00e4tzte Lesezeit":"1\u00a0Minute"},"schema":{"@context":"https:\/\/schema.org","@graph":[{"@type":"WebPage","@id":"https:\/\/ekesto.com\/de\/","url":"https:\/\/ekesto.com\/de\/","name":"ekesto &#8226; Website Support and Development","isPartOf":{"@id":"https:\/\/ekesto.com\/de\/#website"},"primaryImageOfPage":{"@id":"https:\/\/ekesto.com\/de\/#primaryimage"},"image":{"@id":"https:\/\/ekesto.com\/de\/#primaryimage"},"thumbnailUrl":"https:\/\/ekesto.com\/wp-content\/uploads\/2022\/09\/glenn-carstens-peters-npxXWgQ33ZQ-unsplash.jpg","datePublished":"2020-12-11T22:02:14+00:00","dateModified":"2026-05-01T14:40:23+00:00","description":"Professionelle WordPress-L\u00f6sungen und Website-Support von Beat Schenkel. Zuverl\u00e4ssige Webentwicklungsdienste, die auf Ihre Bed\u00fcrfnisse zugeschnitten sind.","breadcrumb":{"@id":"https:\/\/ekesto.com\/de\/#breadcrumb"},"inLanguage":"de","potentialAction":[{"@type":"ReadAction","target":["https:\/\/ekesto.com\/de\/"]}]},{"@type":"ImageObject","inLanguage":"de","@id":"https:\/\/ekesto.com\/de\/#primaryimage","url":"https:\/\/ekesto.com\/wp-content\/uploads\/2022\/09\/glenn-carstens-peters-npxXWgQ33ZQ-unsplash.jpg","contentUrl":"https:\/\/ekesto.com\/wp-content\/uploads\/2022\/09\/glenn-carstens-peters-npxXWgQ33ZQ-unsplash.jpg","width":1200,"height":798,"caption":"ekesto website support"},{"@type":"BreadcrumbList","@id":"https:\/\/ekesto.com\/de\/#breadcrumb","itemListElement":[{"@type":"ListItem","position":1,"name":"Home","item":"https:\/\/ekesto.com\/de\/"},{"@type":"ListItem","position":2,"name":"Aloha"}]},{"@type":"WebSite","@id":"https:\/\/ekesto.com\/de\/#website","url":"https:\/\/ekesto.com\/de\/","name":"ekesto","description":"Website Support and Development","publisher":{"@id":"https:\/\/ekesto.com\/de\/#organization"},"potentialAction":[{"@type":"SearchAction","target":{"@type":"EntryPoint","urlTemplate":"https:\/\/ekesto.com\/de\/?s={search_term_string}"},"query-input":{"@type":"PropertyValueSpecification","valueRequired":true,"valueName":"search_term_string"}}],"inLanguage":"de"},{"@type":"Organization","@id":"https:\/\/ekesto.com\/de\/#organization","name":"ekesto","url":"https:\/\/ekesto.com\/de\/","logo":{"@type":"ImageObject","inLanguage":"de","@id":"https:\/\/ekesto.com\/de\/#\/schema\/logo\/image\/","url":"https:\/\/ekesto.com\/wp-content\/uploads\/2023\/12\/ekesto-logo-black-v1.1-web.svg","contentUrl":"https:\/\/ekesto.com\/wp-content\/uploads\/2023\/12\/ekesto-logo-black-v1.1-web.svg","caption":"ekesto"},"image":{"@id":"https:\/\/ekesto.com\/de\/#\/schema\/logo\/image\/"}}]}},"_links":{"self":[{"href":"https:\/\/ekesto.com\/de\/wp-json\/wp\/v2\/pages\/5347","targetHints":{"allow":["GET"]}}],"collection":[{"href":"https:\/\/ekesto.com\/de\/wp-json\/wp\/v2\/pages"}],"about":[{"href":"https:\/\/ekesto.com\/de\/wp-json\/wp\/v2\/types\/page"}],"author":[{"embeddable":true,"href":"https:\/\/ekesto.com\/de\/wp-json\/wp\/v2\/users\/1"}],"replies":[{"embeddable":true,"href":"https:\/\/ekesto.com\/de\/wp-json\/wp\/v2\/comments?post=5347"}],"version-history":[{"count":4,"href":"https:\/\/ekesto.com\/de\/wp-json\/wp\/v2\/pages\/5347\/revisions"}],"predecessor-version":[{"id":6177,"href":"https:\/\/ekesto.com\/de\/wp-json\/wp\/v2\/pages\/5347\/revisions\/6177"}],"wp:featuredmedia":[{"embeddable":true,"href":"https:\/\/ekesto.com\/de\/wp-json\/wp\/v2\/media\/5263"}],"wp:attachment":[{"href":"https:\/\/ekesto.com\/de\/wp-json\/wp\/v2\/media?parent=5347"}],"curies":[{"name":"wp","href":"https:\/\/api.w.org\/{rel}","templated":true}]}}