{"id":5345,"date":"2025-01-17T15:28:26","date_gmt":"2025-01-17T14:28:26","guid":{"rendered":"https:\/\/ekesto-2025.local\/web-entwickler-hintergrund\/"},"modified":"2025-04-25T18:11:53","modified_gmt":"2025-04-25T16:11:53","slug":"web-entwickler-hintergrund","status":"publish","type":"page","link":"https:\/\/ekesto.com\/de\/ueber-mich\/web-entwickler-hintergrund\/","title":{"rendered":"Web-Entwickler Hintergrund"},"content":{"rendered":"\n<div data-anim-children=\"animation-observer anim-m-40 anim-d-100 anim-slide-up\" class=\"wp-block-group alignfull site-title-container has-passive-background-color has-background has-global-padding is-layout-constrained wp-block-group-is-layout-constrained header-background\" style=\"margin-top:0\">\n<h1 class=\"wp-block-heading has-text-align-center\">Web-Entwickler Hintergrund<\/h1>\n\n\n\n<p class=\"has-text-align-center has-large-font-size\">\u00dcber 20 Jahre Erfahrung<\/p>\n<\/div>\n\n<div class=\"wp-block-group custom-cta-group is-style-custom-cta has-passive-background-color has-background has-global-padding is-content-justification-center is-layout-constrained wp-container-core-group-is-layout-03ce6e97 wp-block-group-is-layout-constrained\" style=\"border-bottom-color:var(--wp--preset--color--passive-dark);border-bottom-width:2px;padding-top:var(--wp--preset--spacing--large);padding-right:var(--wp--preset--spacing--large);padding-bottom:var(--wp--preset--spacing--large);padding-left:var(--wp--preset--spacing--large)\">\n<h3 class=\"wp-block-heading has-text-align-center\">Wie kann ich Sie unterst\u00fctzen?<\/h3>\n\n\n\n<p class=\"has-text-align-center\"><a href=\"https:\/\/ekesto.com\/custom-wordpress-websites\/\">Ich m\u00f6chte eine neue Website.<\/a><\/p>\n\n\n\n<p class=\"has-text-align-center\"><a href=\"https:\/\/ekesto.com\/de\/unterstuetzung-fuer-bestehende-websites\/\">Ich brauche Hilfe bei einer bestehenden Website.<\/a><\/p>\n<\/div>\n\n<h2 class=\"wp-block-heading\">Meine IT-Reise<\/h2>\n\n<p>Seit 2004 arbeite ich als Webentwickler, sowohl als Angestellter als auch in der Selbstst\u00e4ndigkeit. Im Laufe der Jahre habe ich umfangreiche Erfahrungen mit verschiedenen Projekten und Herausforderungen gesammelt.<\/p>\n\n<p>Mein Hauptaugenmerk liegt auf der Erstellung von WordPress-Websites, die sich auf allen Ger\u00e4ten gut anf\u00fchlen und f\u00fcr Sie einfach zu verwalten sind. Ich richte WordPress so ein, dass Sie die Inhalte Ihrer Website mit minimalem Aufwand verwalten k\u00f6nnen.<\/p>\n\n<p>Ich habe mich darauf spezialisiert, Inhalte so zu gestalten, dass sie sowohl f\u00fcr Besucher als auch f\u00fcr Suchmaschinen klar und einfach zu lesen sind.<\/p>\n\n<p>Saubere, minimalistische Website-Designs &#8211; wie dieses &#8211; sind meine St\u00e4rke, aber ich arbeite gerne mit talentierten Designer*innen zusammen, wenn Sie sich etwas k\u00fcnstlerisches vorstellen.<\/p>\n\n<p>Werfen Sie einen Blick auf mein wachsendes <a href=\"https:\/\/ekesto.com\/website-and-it-support\/website-portfolio\/\">Website-Portfolio<\/a>.<\/p>\n\n<h3 class=\"wp-block-heading\">Warum eine eigene Website wichtig ist<\/h3>\n\n<p>Eine eigene Website ist eine der einfachsten M\u00f6glichkeiten, Ihre Ideen, Visionen oder Dienstleistungen mit der Welt zu teilen:<\/p>\n\n<p>Besucher*innen brauchen sich nicht anzumelden und Sie haben die volle Kontrolle \u00fcber den Server-Standort, an dem Ihre <a href=\"https:\/\/ekesto.com\/de\/artikel\/schweizer-web-hosting-empfehlung\/\">Daten gehostet werden<\/a>. Zudem k\u00f6nnen Sie die Dienste frei w\u00e4hlen, die Sie implementieren.<\/p>\n\n<p>Es ist Ihr digitaler Raum. Ihre Freiheit.<\/p>\n\n<div class=\"wp-block-group custom-cta-group is-style-custom-cta has-passive-background-color has-background has-global-padding is-content-justification-center is-layout-constrained wp-container-core-group-is-layout-03ce6e97 wp-block-group-is-layout-constrained\" style=\"border-bottom-color:var(--wp--preset--color--passive-dark);border-bottom-width:2px;padding-top:var(--wp--preset--spacing--large);padding-right:var(--wp--preset--spacing--large);padding-bottom:var(--wp--preset--spacing--large);padding-left:var(--wp--preset--spacing--large)\">\n<h3 class=\"wp-block-heading has-text-align-center\">Sp\u00fcren Sie Resonanz?<\/h3>\n\n\n\n<p class=\"has-text-align-center\">Lassen Sie uns mit einem kostenlosen Gespr\u00e4ch beginnen. Warum nicht?<\/p>\n\n\n\n<div class=\"wp-block-buttons is-content-justification-center is-layout-flex wp-container-core-buttons-is-layout-a89b3969 wp-block-buttons-is-layout-flex\">\n<div class=\"wp-block-button\"><a class=\"wp-block-button__link wp-element-button\" href=\"https:\/\/ekesto.com\/de\/kontakt\/\">Kontakt<\/a><\/div>\n<\/div>\n<\/div>\n","protected":false},"excerpt":{"rendered":"<p>Web-Entwickler Hintergrund \u00dcber 20 Jahre Erfahrung Wie kann ich Sie unterst\u00fctzen? Ich m\u00f6chte eine neue Website. Ich brauche Hilfe bei einer bestehenden Website. Meine IT-Reise Seit 2004 arbeite ich als Webentwickler, sowohl als Angestellter als auch in der Selbstst\u00e4ndigkeit. Im Laufe der Jahre habe ich umfangreiche Erfahrungen mit verschiedenen Projekten und Herausforderungen gesammelt. Mein Hauptaugenmerk [&hellip;]<\/p>\n","protected":false},"author":1,"featured_media":0,"parent":5354,"menu_order":0,"comment_status":"closed","ping_status":"closed","template":"","meta":{"_acf_changed":false,"footnotes":""},"class_list":["post-5345","page","type-page","status-publish","hentry"],"acf":[],"yoast_head":"<!-- This site is optimized with the Yoast SEO plugin v27.4 - https:\/\/yoast.com\/product\/yoast-seo-wordpress\/ -->\n<title>Web-Entwickler Hintergrund &#8226; ekesto<\/title>\n<meta name=\"description\" content=\"20+ Jahre Erfahrung im Programmieren. Saubere, responsive WordPress-Websites, die f\u00fcr eine einfache Verwaltung und nahtlose Leistung entwickelt wurden.\" \/>\n<meta name=\"robots\" content=\"index, follow, max-snippet:-1, max-image-preview:large, max-video-preview:-1\" \/>\n<link rel=\"canonical\" href=\"https:\/\/ekesto.com\/de\/ueber-mich\/web-entwickler-hintergrund\/\" \/>\n<meta property=\"og:locale\" content=\"de_DE\" \/>\n<meta property=\"og:type\" content=\"article\" \/>\n<meta property=\"og:title\" content=\"Web-Entwickler Hintergrund &#8226; ekesto\" \/>\n<meta property=\"og:description\" content=\"20+ Jahre Erfahrung im Programmieren. Saubere, responsive WordPress-Websites, die f\u00fcr eine einfache Verwaltung und nahtlose Leistung entwickelt wurden.\" \/>\n<meta property=\"og:url\" content=\"https:\/\/ekesto.com\/de\/ueber-mich\/web-entwickler-hintergrund\/\" \/>\n<meta property=\"og:site_name\" content=\"ekesto\" \/>\n<meta property=\"article:modified_time\" content=\"2025-04-25T16:11:53+00:00\" \/>\n<meta property=\"og:image\" content=\"https:\/\/ekesto.com\/wp-content\/uploads\/2022\/09\/glenn-carstens-peters-npxXWgQ33ZQ-unsplash.jpg\" \/>\n\t<meta property=\"og:image:width\" content=\"1200\" \/>\n\t<meta property=\"og:image:height\" content=\"798\" \/>\n\t<meta property=\"og:image:type\" content=\"image\/jpeg\" \/>\n<meta name=\"twitter:card\" content=\"summary_large_image\" \/>\n<meta name=\"twitter:label1\" content=\"Gesch\u00e4tzte Lesezeit\" \/>\n\t<meta name=\"twitter:data1\" content=\"1\u00a0Minute\" \/>\n<script type=\"application\/ld+json\" class=\"yoast-schema-graph\">{\"@context\":\"https:\\\/\\\/schema.org\",\"@graph\":[{\"@type\":\"WebPage\",\"@id\":\"https:\\\/\\\/ekesto.com\\\/de\\\/ueber-mich\\\/web-entwickler-hintergrund\\\/\",\"url\":\"https:\\\/\\\/ekesto.com\\\/de\\\/ueber-mich\\\/web-entwickler-hintergrund\\\/\",\"name\":\"Web-Entwickler Hintergrund &#8226; ekesto\",\"isPartOf\":{\"@id\":\"https:\\\/\\\/ekesto.com\\\/de\\\/#website\"},\"datePublished\":\"2025-01-17T14:28:26+00:00\",\"dateModified\":\"2025-04-25T16:11:53+00:00\",\"description\":\"20+ Jahre Erfahrung im Programmieren. Saubere, responsive WordPress-Websites, die f\u00fcr eine einfache Verwaltung und nahtlose Leistung entwickelt wurden.\",\"breadcrumb\":{\"@id\":\"https:\\\/\\\/ekesto.com\\\/de\\\/ueber-mich\\\/web-entwickler-hintergrund\\\/#breadcrumb\"},\"inLanguage\":\"de\",\"potentialAction\":[{\"@type\":\"ReadAction\",\"target\":[\"https:\\\/\\\/ekesto.com\\\/de\\\/ueber-mich\\\/web-entwickler-hintergrund\\\/\"]}]},{\"@type\":\"BreadcrumbList\",\"@id\":\"https:\\\/\\\/ekesto.com\\\/de\\\/ueber-mich\\\/web-entwickler-hintergrund\\\/#breadcrumb\",\"itemListElement\":[{\"@type\":\"ListItem\",\"position\":1,\"name\":\"Home\",\"item\":\"https:\\\/\\\/ekesto.com\\\/de\\\/\"},{\"@type\":\"ListItem\",\"position\":2,\"name\":\"\u00dcber Mich\",\"item\":\"https:\\\/\\\/ekesto.com\\\/de\\\/ueber-mich\\\/\"},{\"@type\":\"ListItem\",\"position\":3,\"name\":\"Web-Entwickler Hintergrund\"}]},{\"@type\":\"WebSite\",\"@id\":\"https:\\\/\\\/ekesto.com\\\/de\\\/#website\",\"url\":\"https:\\\/\\\/ekesto.com\\\/de\\\/\",\"name\":\"ekesto\",\"description\":\"Website Support and Development\",\"publisher\":{\"@id\":\"https:\\\/\\\/ekesto.com\\\/de\\\/#organization\"},\"potentialAction\":[{\"@type\":\"SearchAction\",\"target\":{\"@type\":\"EntryPoint\",\"urlTemplate\":\"https:\\\/\\\/ekesto.com\\\/de\\\/?s={search_term_string}\"},\"query-input\":{\"@type\":\"PropertyValueSpecification\",\"valueRequired\":true,\"valueName\":\"search_term_string\"}}],\"inLanguage\":\"de\"},{\"@type\":\"Organization\",\"@id\":\"https:\\\/\\\/ekesto.com\\\/de\\\/#organization\",\"name\":\"ekesto\",\"url\":\"https:\\\/\\\/ekesto.com\\\/de\\\/\",\"logo\":{\"@type\":\"ImageObject\",\"inLanguage\":\"de\",\"@id\":\"https:\\\/\\\/ekesto.com\\\/de\\\/#\\\/schema\\\/logo\\\/image\\\/\",\"url\":\"https:\\\/\\\/ekesto.com\\\/wp-content\\\/uploads\\\/2023\\\/12\\\/ekesto-logo-black-v1.1-web.svg\",\"contentUrl\":\"https:\\\/\\\/ekesto.com\\\/wp-content\\\/uploads\\\/2023\\\/12\\\/ekesto-logo-black-v1.1-web.svg\",\"caption\":\"ekesto\"},\"image\":{\"@id\":\"https:\\\/\\\/ekesto.com\\\/de\\\/#\\\/schema\\\/logo\\\/image\\\/\"}}]}<\/script>\n<!-- \/ Yoast SEO plugin. -->","yoast_head_json":{"title":"Web-Entwickler Hintergrund &#8226; ekesto","description":"20+ Jahre Erfahrung im Programmieren. Saubere, responsive WordPress-Websites, die f\u00fcr eine einfache Verwaltung und nahtlose Leistung entwickelt wurden.","robots":{"index":"index","follow":"follow","max-snippet":"max-snippet:-1","max-image-preview":"max-image-preview:large","max-video-preview":"max-video-preview:-1"},"canonical":"https:\/\/ekesto.com\/de\/ueber-mich\/web-entwickler-hintergrund\/","og_locale":"de_DE","og_type":"article","og_title":"Web-Entwickler Hintergrund &#8226; ekesto","og_description":"20+ Jahre Erfahrung im Programmieren. Saubere, responsive WordPress-Websites, die f\u00fcr eine einfache Verwaltung und nahtlose Leistung entwickelt wurden.","og_url":"https:\/\/ekesto.com\/de\/ueber-mich\/web-entwickler-hintergrund\/","og_site_name":"ekesto","article_modified_time":"2025-04-25T16:11:53+00:00","og_image":[{"width":1200,"height":798,"url":"https:\/\/ekesto.com\/wp-content\/uploads\/2022\/09\/glenn-carstens-peters-npxXWgQ33ZQ-unsplash.jpg","type":"image\/jpeg"}],"twitter_card":"summary_large_image","twitter_misc":{"Gesch\u00e4tzte Lesezeit":"1\u00a0Minute"},"schema":{"@context":"https:\/\/schema.org","@graph":[{"@type":"WebPage","@id":"https:\/\/ekesto.com\/de\/ueber-mich\/web-entwickler-hintergrund\/","url":"https:\/\/ekesto.com\/de\/ueber-mich\/web-entwickler-hintergrund\/","name":"Web-Entwickler Hintergrund &#8226; ekesto","isPartOf":{"@id":"https:\/\/ekesto.com\/de\/#website"},"datePublished":"2025-01-17T14:28:26+00:00","dateModified":"2025-04-25T16:11:53+00:00","description":"20+ Jahre Erfahrung im Programmieren. Saubere, responsive WordPress-Websites, die f\u00fcr eine einfache Verwaltung und nahtlose Leistung entwickelt wurden.","breadcrumb":{"@id":"https:\/\/ekesto.com\/de\/ueber-mich\/web-entwickler-hintergrund\/#breadcrumb"},"inLanguage":"de","potentialAction":[{"@type":"ReadAction","target":["https:\/\/ekesto.com\/de\/ueber-mich\/web-entwickler-hintergrund\/"]}]},{"@type":"BreadcrumbList","@id":"https:\/\/ekesto.com\/de\/ueber-mich\/web-entwickler-hintergrund\/#breadcrumb","itemListElement":[{"@type":"ListItem","position":1,"name":"Home","item":"https:\/\/ekesto.com\/de\/"},{"@type":"ListItem","position":2,"name":"\u00dcber Mich","item":"https:\/\/ekesto.com\/de\/ueber-mich\/"},{"@type":"ListItem","position":3,"name":"Web-Entwickler Hintergrund"}]},{"@type":"WebSite","@id":"https:\/\/ekesto.com\/de\/#website","url":"https:\/\/ekesto.com\/de\/","name":"ekesto","description":"Website Support and Development","publisher":{"@id":"https:\/\/ekesto.com\/de\/#organization"},"potentialAction":[{"@type":"SearchAction","target":{"@type":"EntryPoint","urlTemplate":"https:\/\/ekesto.com\/de\/?s={search_term_string}"},"query-input":{"@type":"PropertyValueSpecification","valueRequired":true,"valueName":"search_term_string"}}],"inLanguage":"de"},{"@type":"Organization","@id":"https:\/\/ekesto.com\/de\/#organization","name":"ekesto","url":"https:\/\/ekesto.com\/de\/","logo":{"@type":"ImageObject","inLanguage":"de","@id":"https:\/\/ekesto.com\/de\/#\/schema\/logo\/image\/","url":"https:\/\/ekesto.com\/wp-content\/uploads\/2023\/12\/ekesto-logo-black-v1.1-web.svg","contentUrl":"https:\/\/ekesto.com\/wp-content\/uploads\/2023\/12\/ekesto-logo-black-v1.1-web.svg","caption":"ekesto"},"image":{"@id":"https:\/\/ekesto.com\/de\/#\/schema\/logo\/image\/"}}]}},"_links":{"self":[{"href":"https:\/\/ekesto.com\/de\/wp-json\/wp\/v2\/pages\/5345","targetHints":{"allow":["GET"]}}],"collection":[{"href":"https:\/\/ekesto.com\/de\/wp-json\/wp\/v2\/pages"}],"about":[{"href":"https:\/\/ekesto.com\/de\/wp-json\/wp\/v2\/types\/page"}],"author":[{"embeddable":true,"href":"https:\/\/ekesto.com\/de\/wp-json\/wp\/v2\/users\/1"}],"replies":[{"embeddable":true,"href":"https:\/\/ekesto.com\/de\/wp-json\/wp\/v2\/comments?post=5345"}],"version-history":[{"count":0,"href":"https:\/\/ekesto.com\/de\/wp-json\/wp\/v2\/pages\/5345\/revisions"}],"up":[{"embeddable":true,"href":"https:\/\/ekesto.com\/de\/wp-json\/wp\/v2\/pages\/5354"}],"wp:attachment":[{"href":"https:\/\/ekesto.com\/de\/wp-json\/wp\/v2\/media?parent=5345"}],"curies":[{"name":"wp","href":"https:\/\/api.w.org\/{rel}","templated":true}]}}